{"id":2,"date":"2012-09-22T18:51:21","date_gmt":"2012-09-22T16:51:21","guid":{"rendered":"http:\/\/www.planete-sciences.org\/blogs\/defissolaires\/dstemplate\/?page_id=2"},"modified":"2018-05-08T17:08:42","modified_gmt":"2018-05-08T15:08:42","slug":"etape1","status":"publish","type":"page","link":"http:\/\/www.planete-sciences.org\/blogs\/defissolaires\/2018_co_fabre1\/etape1\/","title":{"rendered":"Etape 1"},"content":{"rendered":"<h2 style=\"text-align: center\"><a href=\"http:\/\/www.planete-sciences.org\/blogs\/defissolaires\/dstemplate-everest\/files\/2011\/09\/en-construction.gif\">\u00a0<\/a><\/h2>\n<p>Identifier comment un panneau solaire produit de l&rsquo;\u00e9nergie ?<br \/>\nComment optimiser l&rsquo;\u00e9nergie solaire produite ?<br \/>\nComment stocker l.energie produite ?<br \/>\nComment s&rsquo;adapter \u00e0 la quantit\u00e9 d&rsquo;\u00e9nergie solaire ?<br \/>\nComment stocker l&rsquo;\u00e9nergie produite ?<br \/>\nComment limiter les frottements avec les concurrents et les bords de la piste ?<br \/>\nComment am\u00e9liorer la pr\u00e9cision de la direction ?<br \/>\nComment am\u00e9liorer la traction ?<br \/>\nComment all\u00e9ger la voiture ?<br \/>\nComment obtenir un bon amortissement en r\u00e9duisant le poids ?<\/p>\n<p>&nbsp;<\/p>\n<p align=\"CENTER\">\n<p><span style=\"font-family: Calibri, sans-serif\"><span style=\"font-size: xx-large\"><u><b>La soudure.<\/b><\/u><\/span><\/span><\/p>\n<p><span style=\"font-family: Calibri, sans-serif\"><span style=\"font-size: x-large\">La soudure va servir au c\u00e2blage de la voiture avec les connecteurs de batterie, les condensateurs du variateur et les panneaux solaires.<\/span><\/span><\/p>\n<p><span style=\"font-family: Calibri, sans-serif\"><span style=\"font-size: x-large\">Utilisation de gaines thermo pour \u00e9viter les cours circuits.<\/span><\/span><\/p>\n<p><span style=\"font-family: Calibri, sans-serif\"><span style=\"font-size: x-large\">V\u00e9rification de la r\u00e9sistance des soudures.<\/span><\/span><\/p>\n<p><a href=\"http:\/\/www.planete-sciences.org\/blogs\/defissolaires\/2018_co_fabre1\/files\/2012\/09\/soudure-3.jpg\"><img loading=\"lazy\" class=\"alignnone size-medium wp-image-463\" src=\"http:\/\/www.planete-sciences.org\/blogs\/defissolaires\/2018_co_fabre1\/files\/2012\/09\/soudure-3-300x225.jpg\" alt=\"\" width=\"300\" height=\"225\" srcset=\"http:\/\/www.planete-sciences.org\/blogs\/defissolaires\/2018_co_fabre1\/files\/2012\/09\/soudure-3-300x225.jpg 300w, http:\/\/www.planete-sciences.org\/blogs\/defissolaires\/2018_co_fabre1\/files\/2012\/09\/soudure-3-768x576.jpg 768w, http:\/\/www.planete-sciences.org\/blogs\/defissolaires\/2018_co_fabre1\/files\/2012\/09\/soudure-3-1024x768.jpg 1024w\" sizes=\"(max-width: 300px) 100vw, 300px\" \/><\/a><\/p>\n<p>&nbsp;<\/p>\n<p><a href=\"http:\/\/www.planete-sciences.org\/blogs\/defissolaires\/2018_co_fabre1\/files\/2012\/09\/soudure-1.jpg\"><img loading=\"lazy\" class=\"alignnone size-medium wp-image-460\" src=\"http:\/\/www.planete-sciences.org\/blogs\/defissolaires\/2018_co_fabre1\/files\/2012\/09\/soudure-1-300x225.jpg\" alt=\"\" width=\"300\" height=\"225\" srcset=\"http:\/\/www.planete-sciences.org\/blogs\/defissolaires\/2018_co_fabre1\/files\/2012\/09\/soudure-1-300x225.jpg 300w, http:\/\/www.planete-sciences.org\/blogs\/defissolaires\/2018_co_fabre1\/files\/2012\/09\/soudure-1-768x576.jpg 768w, http:\/\/www.planete-sciences.org\/blogs\/defissolaires\/2018_co_fabre1\/files\/2012\/09\/soudure-1-1024x768.jpg 1024w\" sizes=\"(max-width: 300px) 100vw, 300px\" \/><\/a><\/p>\n<p>&nbsp;<\/p>\n<h1>fonctionnement du\u00a0train d&rsquo;atterrissage<\/h1>\n<p>un moteur avec un petit pignon fait tourner un plus gros pignon ce qui fait tourner un vis sans fin qui fait d\u00e9placer un \u00e9crou et le tout fait bouger une petite pi\u00e8ce noire en plastique.<\/p>\n<p><a href=\"http:\/\/www.planete-sciences.org\/blogs\/defissolaires\/2018_co_fabre1\/files\/2018\/05\/IMG_5861.jpg\"><img loading=\"lazy\" class=\"alignnone size-medium wp-image-505\" src=\"http:\/\/www.planete-sciences.org\/blogs\/defissolaires\/2018_co_fabre1\/files\/2018\/05\/IMG_5861-300x225.jpg\" alt=\"\" width=\"300\" height=\"225\" srcset=\"http:\/\/www.planete-sciences.org\/blogs\/defissolaires\/2018_co_fabre1\/files\/2018\/05\/IMG_5861-300x225.jpg 300w, http:\/\/www.planete-sciences.org\/blogs\/defissolaires\/2018_co_fabre1\/files\/2018\/05\/IMG_5861-768x576.jpg 768w, http:\/\/www.planete-sciences.org\/blogs\/defissolaires\/2018_co_fabre1\/files\/2018\/05\/IMG_5861-1024x768.jpg 1024w\" sizes=\"(max-width: 300px) 100vw, 300px\" \/><\/a><\/p>\n<h3><strong>1. <\/strong><strong>Objectifs atteints<\/strong><\/h3>\n<p>Nos objectifs \u00e0 atteindre sont de fabriquer une ou plusieurs voitures diff\u00e9rentes de celle de l&rsquo;ann\u00e9e derni\u00e8re avec des noms diff\u00e9rents . Am\u00e9liorer les voitures de l&rsquo;ann\u00e9e derni\u00e8re avec des nouveaux syst\u00e8mes. Nous am\u00e9liorons la protection pour les choc de la voiture en mettant des petites roue sur les cot\u00e9s de la voiture et nous augmentons la puissance de la tractions .Nous sommes une vingtaine d\u2019\u00e9l\u00e8ves s\u00e9rieux \u00a0nous travaillons \u00e0 partir des voitures de l&rsquo;an pass\u00e9e . Nous cr\u00e9ons des trains de direction des blocs moteurs, des syst\u00e8mes amortissement, des solutions pour tracter davantage.<\/p>\n<p>&nbsp;<\/p>\n<h3><strong>2. Illustrations<\/strong><\/h3>\n<p><a href=\"http:\/\/www.planete-sciences.org\/blogs\/defissolaires\/2018_co_fabre1\/files\/2018\/03\/IMG_5784.jpg\"><img loading=\"lazy\" class=\"alignnone size-medium wp-image-332\" src=\"http:\/\/www.planete-sciences.org\/blogs\/defissolaires\/2018_co_fabre1\/files\/2018\/03\/IMG_5784-300x225.jpg\" alt=\"\" width=\"300\" height=\"225\" srcset=\"http:\/\/www.planete-sciences.org\/blogs\/defissolaires\/2018_co_fabre1\/files\/2018\/03\/IMG_5784-300x225.jpg 300w, http:\/\/www.planete-sciences.org\/blogs\/defissolaires\/2018_co_fabre1\/files\/2018\/03\/IMG_5784-768x576.jpg 768w, http:\/\/www.planete-sciences.org\/blogs\/defissolaires\/2018_co_fabre1\/files\/2018\/03\/IMG_5784-1024x768.jpg 1024w\" sizes=\"(max-width: 300px) 100vw, 300px\" \/><\/a><\/p>\n<p>voici tec tonic notre voiture de l&rsquo;ann\u00e9e derni\u00e8re que nous sommes en train d&rsquo;am\u00e9liorer .<\/p>\n<p><a href=\"http:\/\/www.planete-sciences.org\/blogs\/defissolaires\/2018_co_fabre1\/files\/2018\/03\/IMG_5785.jpg\"><img loading=\"lazy\" class=\"alignnone size-medium wp-image-333\" src=\"http:\/\/www.planete-sciences.org\/blogs\/defissolaires\/2018_co_fabre1\/files\/2018\/03\/IMG_5785-300x225.jpg\" alt=\"\" width=\"300\" height=\"225\" srcset=\"http:\/\/www.planete-sciences.org\/blogs\/defissolaires\/2018_co_fabre1\/files\/2018\/03\/IMG_5785-300x225.jpg 300w, http:\/\/www.planete-sciences.org\/blogs\/defissolaires\/2018_co_fabre1\/files\/2018\/03\/IMG_5785-768x576.jpg 768w, http:\/\/www.planete-sciences.org\/blogs\/defissolaires\/2018_co_fabre1\/files\/2018\/03\/IMG_5785-1024x768.jpg 1024w\" sizes=\"(max-width: 300px) 100vw, 300px\" \/><\/a><\/p>\n<p>des roues sur le cot\u00e9s emp\u00eachent la voiture de ralentir pendant les choc.<\/p>\n<p><a href=\"http:\/\/www.planete-sciences.org\/blogs\/defissolaires\/2018_co_fabre1\/files\/2018\/03\/IMG_5786.jpg\"><img loading=\"lazy\" class=\"alignnone size-medium wp-image-337\" src=\"http:\/\/www.planete-sciences.org\/blogs\/defissolaires\/2018_co_fabre1\/files\/2018\/03\/IMG_5786-300x225.jpg\" alt=\"\" width=\"300\" height=\"225\" srcset=\"http:\/\/www.planete-sciences.org\/blogs\/defissolaires\/2018_co_fabre1\/files\/2018\/03\/IMG_5786-300x225.jpg 300w, http:\/\/www.planete-sciences.org\/blogs\/defissolaires\/2018_co_fabre1\/files\/2018\/03\/IMG_5786-768x576.jpg 768w, http:\/\/www.planete-sciences.org\/blogs\/defissolaires\/2018_co_fabre1\/files\/2018\/03\/IMG_5786-1024x768.jpg 1024w\" sizes=\"(max-width: 300px) 100vw, 300px\" \/><\/a><\/p>\n<p>la roue pour l&rsquo;\u00e9preuve de traction\u00a0 est beaucoup plus puissante celle permet de tracter de lourde masse<\/p>\n<p><a href=\"http:\/\/www.planete-sciences.org\/blogs\/defissolaires\/2018_co_fabre1\/files\/2018\/03\/IMG_5787.jpg\"><img loading=\"lazy\" class=\"alignnone size-medium wp-image-339\" src=\"http:\/\/www.planete-sciences.org\/blogs\/defissolaires\/2018_co_fabre1\/files\/2018\/03\/IMG_5787-300x225.jpg\" alt=\"\" width=\"300\" height=\"225\" srcset=\"http:\/\/www.planete-sciences.org\/blogs\/defissolaires\/2018_co_fabre1\/files\/2018\/03\/IMG_5787-300x225.jpg 300w, http:\/\/www.planete-sciences.org\/blogs\/defissolaires\/2018_co_fabre1\/files\/2018\/03\/IMG_5787-768x576.jpg 768w, http:\/\/www.planete-sciences.org\/blogs\/defissolaires\/2018_co_fabre1\/files\/2018\/03\/IMG_5787-1024x768.jpg 1024w\" sizes=\"(max-width: 300px) 100vw, 300px\" \/><\/a><\/p>\n<p>la roue de traction est en bas on la commande depuis la t\u00e9l\u00e9commande<\/p>\n<p><a href=\"http:\/\/www.planete-sciences.org\/blogs\/defissolaires\/2018_co_fabre1\/files\/2018\/03\/IMG_5788.jpg\"><img loading=\"lazy\" class=\"alignnone size-medium wp-image-340\" src=\"http:\/\/www.planete-sciences.org\/blogs\/defissolaires\/2018_co_fabre1\/files\/2018\/03\/IMG_5788-300x225.jpg\" alt=\"\" width=\"300\" height=\"225\" srcset=\"http:\/\/www.planete-sciences.org\/blogs\/defissolaires\/2018_co_fabre1\/files\/2018\/03\/IMG_5788-300x225.jpg 300w, http:\/\/www.planete-sciences.org\/blogs\/defissolaires\/2018_co_fabre1\/files\/2018\/03\/IMG_5788-768x576.jpg 768w, http:\/\/www.planete-sciences.org\/blogs\/defissolaires\/2018_co_fabre1\/files\/2018\/03\/IMG_5788-1024x768.jpg 1024w\" sizes=\"(max-width: 300px) 100vw, 300px\" \/><\/a><\/p>\n<p>le petit drapeau de Mario il fait le m\u00eame \u00a0bruit que Mario il se l\u00e8ve gr\u00e2ce \u00e0 la t\u00e9l\u00e9commande.<\/p>\n<p>&nbsp;<\/p>\n<h3><strong>3. D\u00e9roulement<\/strong> (Exp\u00e9riences, sortie, rencontres, recherches, etc.)<\/h3>\n<p>nous faisons des sortie \u00e0 Toulouse\u00a0, a Albi et a Chamb\u00e9ry .Nous travaillons le lundi et le jeudi midi sur les voitures avec un super prof. Nous recherchons \u00e0 am\u00e9liorer nos voitures aux maximum et nous sommes pr\u00eat \u00e0 remporter les courses avec des voitures, un super prof et une \u00e9quipe en acier.<\/p>\n<h3><strong>4. Appr\u00e9ciation du groupe<\/strong><\/h3>\n<p>Bon travail de groupe<\/p>\n<p>&nbsp;<\/p>\n<h3><strong>5. Autres commentaires <\/strong>(questions aux suiveurs, perspectives)<\/h3>\n<p>Les blogs sont difficiles \u00e0 remplir et les codes devraient \u00eatre donn\u00e9s d\u00e8s septembre<\/p>\n","protected":false},"excerpt":{"rendered":"<p>\u00a0 Identifier comment un panneau solaire produit de l&rsquo;\u00e9nergie ? Comment optimiser l&rsquo;\u00e9nergie solaire produite ? Comment stocker l.energie produite ? Comment s&rsquo;adapter \u00e0 la quantit\u00e9 d&rsquo;\u00e9nergie solaire ? Comment stocker l&rsquo;\u00e9nergie produite ? Comment limiter les frottements avec les concurrents et les bords de la piste ? Comment am\u00e9liorer la pr\u00e9cision de la direction [&#8230;]<\/p>\n","protected":false},"author":1,"featured_media":0,"parent":0,"menu_order":1,"comment_status":"open","ping_status":"closed","template":"","meta":[],"_links":{"self":[{"href":"http:\/\/www.planete-sciences.org\/blogs\/defissolaires\/2018_co_fabre1\/wp-json\/wp\/v2\/pages\/2"}],"collection":[{"href":"http:\/\/www.planete-sciences.org\/blogs\/defissolaires\/2018_co_fabre1\/wp-json\/wp\/v2\/pages"}],"about":[{"href":"http:\/\/www.planete-sciences.org\/blogs\/defissolaires\/2018_co_fabre1\/wp-json\/wp\/v2\/types\/page"}],"author":[{"embeddable":true,"href":"http:\/\/www.planete-sciences.org\/blogs\/defissolaires\/2018_co_fabre1\/wp-json\/wp\/v2\/users\/1"}],"replies":[{"embeddable":true,"href":"http:\/\/www.planete-sciences.org\/blogs\/defissolaires\/2018_co_fabre1\/wp-json\/wp\/v2\/comments?post=2"}],"version-history":[{"count":53,"href":"http:\/\/www.planete-sciences.org\/blogs\/defissolaires\/2018_co_fabre1\/wp-json\/wp\/v2\/pages\/2\/revisions"}],"predecessor-version":[{"id":519,"href":"http:\/\/www.planete-sciences.org\/blogs\/defissolaires\/2018_co_fabre1\/wp-json\/wp\/v2\/pages\/2\/revisions\/519"}],"wp:attachment":[{"href":"http:\/\/www.planete-sciences.org\/blogs\/defissolaires\/2018_co_fabre1\/wp-json\/wp\/v2\/media?parent=2"}],"curies":[{"name":"wp","href":"https:\/\/api.w.org\/{rel}","templated":true}]}}