{"id":15,"date":"2011-09-22T19:19:17","date_gmt":"2011-09-22T17:19:17","guid":{"rendered":"http:\/\/www.planete-sciences.org\/blogs\/defissolaires\/dstemplate\/etape4\/"},"modified":"2018-05-14T12:53:36","modified_gmt":"2018-05-14T10:53:36","slug":"etape4","status":"publish","type":"page","link":"http:\/\/www.planete-sciences.org\/blogs\/defissolaires\/2018_co_fabre1\/etape4\/","title":{"rendered":"Etape 4"},"content":{"rendered":"<h1 style=\"text-align: center\"><\/h1>\n<h1 style=\"text-align: center\"><a title=\"Permanent Link to Etape 4 \u2013 Test de fonctionnement final des v\u00e9hicules \/ R\u00e9ponses au Cahier des charges \/ Bilan du projet\" href=\"http:\/\/www.planete-sciences.org\/blogs\/defissolaires\/dstemplate\/etape4\/\" rel=\"bookmark\">Test de fonctionnement final des v\u00e9hicules<\/a><\/h1>\n<h1 style=\"text-align: center\"><a title=\"Permanent Link to Etape 4 \u2013 Test de fonctionnement final des v\u00e9hicules \/ R\u00e9ponses au Cahier des charges \/ Bilan du projet\" href=\"http:\/\/www.planete-sciences.org\/blogs\/defissolaires\/dstemplate\/etape4\/\" rel=\"bookmark\">R\u00e9ponses au Cahier des charges<\/a><\/h1>\n<h1 style=\"text-align: center\"><\/h1>\n<h1>Einstein, th\u00e9orie des quanta photon<\/h1>\n<p>&nbsp;<\/p>\n<p>En novembre 1922, alors qu&rsquo;Einstein et Elsa visitaient le Japon dans le cadre d&rsquo;une longue tourn\u00e9e en Extr\u00eame-Orient, ils apprirent qu&rsquo;Einstein avait re\u00e7u le prix Nobel de physique en 1921.\u00a0Bien qu&rsquo;Einstein \u00e9tait le plus c\u00e9l\u00e8bre pour sa th\u00e9orie de la relativit\u00e9, le prix a \u00e9t\u00e9 officiellement d\u00e9cern\u00e9 pour son travail sur la th\u00e9orie quantique.\u00a0Tout au long du premier quart du si\u00e8cle, Einstein a apport\u00e9 de nombreuses contributions importantes \u00e0 ce domaine, le premier \u00e9tant son article de 1905 sur l&rsquo;effet photo\u00e9lectrique.\u00a0De 1905 \u00e0 1923, il fut l&rsquo;un des seuls scientifiques \u00e0 prendre au s\u00e9rieux l&rsquo;existence de quanta de lumi\u00e8re, ou photons.\u00a0Cependant, il \u00e9tait fortement oppos\u00e9 \u00e0 la nouvelle version de la m\u00e9canique quantique d\u00e9velopp\u00e9e par Werner Heisenberg et Erwin Schroedinger en 1925-26, et \u00e0 partir de 1926, Einstein a men\u00e9 l&rsquo;opposition \u00e0 la m\u00e9canique quantique.<\/p>\n<h3><strong>1. <\/strong><strong>Objectifs atteints<\/strong><\/h3>\n<h3><a href=\"https:\/\/drive.google.com\/open?id=1SouVi0afI6tiM2ToUriEs-pnB8xvnWeI\"><span style=\"color: #ff0000\">Dossier technique de Solar Bird of Rodez<\/span><\/a><\/h3>\n<p>&nbsp;<\/p>\n<h3><strong>2. Illustrations<\/strong><\/h3>\n<p><a href=\"http:\/\/www.planete-sciences.org\/blogs\/defissolaires\/2018_co_fabre1\/files\/2011\/09\/Bluebird-Campbell.jpg\"><img loading=\"lazy\" class=\"alignnone size-medium wp-image-489\" src=\"http:\/\/www.planete-sciences.org\/blogs\/defissolaires\/2018_co_fabre1\/files\/2011\/09\/Bluebird-Campbell-300x198.jpg\" alt=\"\" width=\"300\" height=\"198\" srcset=\"http:\/\/www.planete-sciences.org\/blogs\/defissolaires\/2018_co_fabre1\/files\/2011\/09\/Bluebird-Campbell-300x198.jpg 300w, http:\/\/www.planete-sciences.org\/blogs\/defissolaires\/2018_co_fabre1\/files\/2011\/09\/Bluebird-Campbell.jpg 590w\" sizes=\"(max-width: 300px) 100vw, 300px\" \/><\/a> <a href=\"http:\/\/www.planete-sciences.org\/blogs\/defissolaires\/2018_co_fabre1\/files\/2011\/09\/IMG_5721.jpg\"><img loading=\"lazy\" class=\"alignnone size-medium wp-image-490\" src=\"http:\/\/www.planete-sciences.org\/blogs\/defissolaires\/2018_co_fabre1\/files\/2011\/09\/IMG_5721-300x225.jpg\" alt=\"\" width=\"300\" height=\"225\" srcset=\"http:\/\/www.planete-sciences.org\/blogs\/defissolaires\/2018_co_fabre1\/files\/2011\/09\/IMG_5721-300x225.jpg 300w, http:\/\/www.planete-sciences.org\/blogs\/defissolaires\/2018_co_fabre1\/files\/2011\/09\/IMG_5721-768x576.jpg 768w, http:\/\/www.planete-sciences.org\/blogs\/defissolaires\/2018_co_fabre1\/files\/2011\/09\/IMG_5721-1024x768.jpg 1024w\" sizes=\"(max-width: 300px) 100vw, 300px\" \/><\/a> <a href=\"http:\/\/www.planete-sciences.org\/blogs\/defissolaires\/2018_co_fabre1\/files\/2011\/09\/IMG_5722.jpg\"><img loading=\"lazy\" class=\"alignnone size-medium wp-image-491\" src=\"http:\/\/www.planete-sciences.org\/blogs\/defissolaires\/2018_co_fabre1\/files\/2011\/09\/IMG_5722-300x225.jpg\" alt=\"\" width=\"300\" height=\"225\" srcset=\"http:\/\/www.planete-sciences.org\/blogs\/defissolaires\/2018_co_fabre1\/files\/2011\/09\/IMG_5722-300x225.jpg 300w, http:\/\/www.planete-sciences.org\/blogs\/defissolaires\/2018_co_fabre1\/files\/2011\/09\/IMG_5722-768x576.jpg 768w, http:\/\/www.planete-sciences.org\/blogs\/defissolaires\/2018_co_fabre1\/files\/2011\/09\/IMG_5722-1024x768.jpg 1024w\" sizes=\"(max-width: 300px) 100vw, 300px\" \/><\/a> <a href=\"http:\/\/www.planete-sciences.org\/blogs\/defissolaires\/2018_co_fabre1\/files\/2011\/09\/IMG_5723.jpg\"><img loading=\"lazy\" class=\"alignnone size-medium wp-image-492\" src=\"http:\/\/www.planete-sciences.org\/blogs\/defissolaires\/2018_co_fabre1\/files\/2011\/09\/IMG_5723-300x225.jpg\" alt=\"\" width=\"300\" height=\"225\" srcset=\"http:\/\/www.planete-sciences.org\/blogs\/defissolaires\/2018_co_fabre1\/files\/2011\/09\/IMG_5723-300x225.jpg 300w, http:\/\/www.planete-sciences.org\/blogs\/defissolaires\/2018_co_fabre1\/files\/2011\/09\/IMG_5723-768x576.jpg 768w, http:\/\/www.planete-sciences.org\/blogs\/defissolaires\/2018_co_fabre1\/files\/2011\/09\/IMG_5723-1024x768.jpg 1024w\" sizes=\"(max-width: 300px) 100vw, 300px\" \/><\/a> <a href=\"http:\/\/www.planete-sciences.org\/blogs\/defissolaires\/2018_co_fabre1\/files\/2011\/09\/IMG_5725.jpg\"><img loading=\"lazy\" class=\"alignnone size-medium wp-image-493\" src=\"http:\/\/www.planete-sciences.org\/blogs\/defissolaires\/2018_co_fabre1\/files\/2011\/09\/IMG_5725-300x225.jpg\" alt=\"\" width=\"300\" height=\"225\" srcset=\"http:\/\/www.planete-sciences.org\/blogs\/defissolaires\/2018_co_fabre1\/files\/2011\/09\/IMG_5725-300x225.jpg 300w, http:\/\/www.planete-sciences.org\/blogs\/defissolaires\/2018_co_fabre1\/files\/2011\/09\/IMG_5725-768x576.jpg 768w, http:\/\/www.planete-sciences.org\/blogs\/defissolaires\/2018_co_fabre1\/files\/2011\/09\/IMG_5725-1024x768.jpg 1024w\" sizes=\"(max-width: 300px) 100vw, 300px\" \/><\/a> <a href=\"http:\/\/www.planete-sciences.org\/blogs\/defissolaires\/2018_co_fabre1\/files\/2011\/09\/IMG_5729.jpg\"><img loading=\"lazy\" class=\"alignnone size-medium wp-image-494\" src=\"http:\/\/www.planete-sciences.org\/blogs\/defissolaires\/2018_co_fabre1\/files\/2011\/09\/IMG_5729-300x225.jpg\" alt=\"\" width=\"300\" height=\"225\" srcset=\"http:\/\/www.planete-sciences.org\/blogs\/defissolaires\/2018_co_fabre1\/files\/2011\/09\/IMG_5729-300x225.jpg 300w, http:\/\/www.planete-sciences.org\/blogs\/defissolaires\/2018_co_fabre1\/files\/2011\/09\/IMG_5729-768x576.jpg 768w, http:\/\/www.planete-sciences.org\/blogs\/defissolaires\/2018_co_fabre1\/files\/2011\/09\/IMG_5729-1024x768.jpg 1024w\" sizes=\"(max-width: 300px) 100vw, 300px\" \/><\/a> <a href=\"http:\/\/www.planete-sciences.org\/blogs\/defissolaires\/2018_co_fabre1\/files\/2011\/09\/IMG_5841.jpg\"><img loading=\"lazy\" class=\"alignnone size-medium wp-image-495\" src=\"http:\/\/www.planete-sciences.org\/blogs\/defissolaires\/2018_co_fabre1\/files\/2011\/09\/IMG_5841-300x225.jpg\" alt=\"\" width=\"300\" height=\"225\" srcset=\"http:\/\/www.planete-sciences.org\/blogs\/defissolaires\/2018_co_fabre1\/files\/2011\/09\/IMG_5841-300x225.jpg 300w, http:\/\/www.planete-sciences.org\/blogs\/defissolaires\/2018_co_fabre1\/files\/2011\/09\/IMG_5841-768x576.jpg 768w, http:\/\/www.planete-sciences.org\/blogs\/defissolaires\/2018_co_fabre1\/files\/2011\/09\/IMG_5841-1024x768.jpg 1024w\" sizes=\"(max-width: 300px) 100vw, 300px\" \/><\/a> <a href=\"http:\/\/www.planete-sciences.org\/blogs\/defissolaires\/2018_co_fabre1\/files\/2011\/09\/IMG_5845.jpg\"><img loading=\"lazy\" class=\"alignnone size-medium wp-image-496\" src=\"http:\/\/www.planete-sciences.org\/blogs\/defissolaires\/2018_co_fabre1\/files\/2011\/09\/IMG_5845-300x225.jpg\" alt=\"\" width=\"300\" height=\"225\" srcset=\"http:\/\/www.planete-sciences.org\/blogs\/defissolaires\/2018_co_fabre1\/files\/2011\/09\/IMG_5845-300x225.jpg 300w, http:\/\/www.planete-sciences.org\/blogs\/defissolaires\/2018_co_fabre1\/files\/2011\/09\/IMG_5845-768x576.jpg 768w, http:\/\/www.planete-sciences.org\/blogs\/defissolaires\/2018_co_fabre1\/files\/2011\/09\/IMG_5845-1024x768.jpg 1024w\" sizes=\"(max-width: 300px) 100vw, 300px\" \/><\/a> <a href=\"http:\/\/www.planete-sciences.org\/blogs\/defissolaires\/2018_co_fabre1\/files\/2011\/09\/IMG_5847.jpg\"><img loading=\"lazy\" class=\"alignnone size-medium wp-image-497\" src=\"http:\/\/www.planete-sciences.org\/blogs\/defissolaires\/2018_co_fabre1\/files\/2011\/09\/IMG_5847-300x225.jpg\" alt=\"\" width=\"300\" height=\"225\" srcset=\"http:\/\/www.planete-sciences.org\/blogs\/defissolaires\/2018_co_fabre1\/files\/2011\/09\/IMG_5847-300x225.jpg 300w, http:\/\/www.planete-sciences.org\/blogs\/defissolaires\/2018_co_fabre1\/files\/2011\/09\/IMG_5847-768x576.jpg 768w, http:\/\/www.planete-sciences.org\/blogs\/defissolaires\/2018_co_fabre1\/files\/2011\/09\/IMG_5847-1024x768.jpg 1024w\" sizes=\"(max-width: 300px) 100vw, 300px\" \/><\/a> <a href=\"http:\/\/www.planete-sciences.org\/blogs\/defissolaires\/2018_co_fabre1\/files\/2011\/09\/IMG_5848.jpg\"><img loading=\"lazy\" class=\"alignnone size-medium wp-image-498\" src=\"http:\/\/www.planete-sciences.org\/blogs\/defissolaires\/2018_co_fabre1\/files\/2011\/09\/IMG_5848-300x225.jpg\" alt=\"\" width=\"300\" height=\"225\" srcset=\"http:\/\/www.planete-sciences.org\/blogs\/defissolaires\/2018_co_fabre1\/files\/2011\/09\/IMG_5848-300x225.jpg 300w, http:\/\/www.planete-sciences.org\/blogs\/defissolaires\/2018_co_fabre1\/files\/2011\/09\/IMG_5848-768x576.jpg 768w, http:\/\/www.planete-sciences.org\/blogs\/defissolaires\/2018_co_fabre1\/files\/2011\/09\/IMG_5848-1024x768.jpg 1024w\" sizes=\"(max-width: 300px) 100vw, 300px\" \/><\/a> <a href=\"http:\/\/www.planete-sciences.org\/blogs\/defissolaires\/2018_co_fabre1\/files\/2011\/09\/IMG_5852.jpg\"><img loading=\"lazy\" class=\"alignnone size-medium wp-image-499\" src=\"http:\/\/www.planete-sciences.org\/blogs\/defissolaires\/2018_co_fabre1\/files\/2011\/09\/IMG_5852-300x225.jpg\" alt=\"\" width=\"300\" height=\"225\" srcset=\"http:\/\/www.planete-sciences.org\/blogs\/defissolaires\/2018_co_fabre1\/files\/2011\/09\/IMG_5852-300x225.jpg 300w, http:\/\/www.planete-sciences.org\/blogs\/defissolaires\/2018_co_fabre1\/files\/2011\/09\/IMG_5852-768x576.jpg 768w, http:\/\/www.planete-sciences.org\/blogs\/defissolaires\/2018_co_fabre1\/files\/2011\/09\/IMG_5852-1024x768.jpg 1024w\" sizes=\"(max-width: 300px) 100vw, 300px\" \/><\/a> <a href=\"http:\/\/www.planete-sciences.org\/blogs\/defissolaires\/2018_co_fabre1\/files\/2011\/09\/Solar-Bird-of-Rodez.jpg\"><img loading=\"lazy\" class=\"alignnone size-medium wp-image-500\" src=\"http:\/\/www.planete-sciences.org\/blogs\/defissolaires\/2018_co_fabre1\/files\/2011\/09\/Solar-Bird-of-Rodez-300x225.jpg\" alt=\"\" width=\"300\" height=\"225\" srcset=\"http:\/\/www.planete-sciences.org\/blogs\/defissolaires\/2018_co_fabre1\/files\/2011\/09\/Solar-Bird-of-Rodez-300x225.jpg 300w, http:\/\/www.planete-sciences.org\/blogs\/defissolaires\/2018_co_fabre1\/files\/2011\/09\/Solar-Bird-of-Rodez-768x576.jpg 768w, http:\/\/www.planete-sciences.org\/blogs\/defissolaires\/2018_co_fabre1\/files\/2011\/09\/Solar-Bird-of-Rodez-1024x768.jpg 1024w\" sizes=\"(max-width: 300px) 100vw, 300px\" \/><\/a><\/p>\n<p>&nbsp;<\/p>\n<h3><strong>3. D\u00e9roulement<\/strong> (Exp\u00e9riences, sortie, rencontres, recherches, etc.)<\/h3>\n<p>Nous avions refait l&rsquo;axe de notre moteur 550 kv pour y fixer deux roues et obtenir plus d&rsquo;adh\u00e9rence et de stabilit\u00e9.<\/p>\n<p>Mais un l\u00e9ger jeu a fait frotter les aimants du rotor sur le bobinage.<\/p>\n<p>Le moteur de 550 Kv a un aimant qui s&rsquo;est cass\u00e9 lors des essais et qui a coup\u00e9 des fils du bobinage<\/p>\n<p>Nous avons recommand\u00e9 en chine un moteur en esp\u00e9rant le recevoir avant la course.<\/p>\n<p>En cas de retard de livraison nous avons mont\u00e9 un de nos anciens moteurs 530 Kv<\/p>\n<p><strong>\u00a0<\/strong><\/p>\n<h3>Les essais sont concluant avec une traction multipli\u00e9e par 3. Mesure effectu\u00e9e \u00e0 l\u2019aide d\u2019un dynamom\u00e8tre.<\/h3>\n<h3><strong>4. Appr\u00e9ciation du groupe<\/strong><\/h3>\n<p>&nbsp;<\/p>\n<h3><strong>5. Autres commentaires <\/strong>(questions aux suiveurs, perspectives)<\/h3>\n<p>blog vraiment tr\u00e8s dur et il faudrait qu&rsquo;on est les codes d\u00e8s le d\u00e9but.<\/p>\n","protected":false},"excerpt":{"rendered":"<p>Test de fonctionnement final des v\u00e9hicules R\u00e9ponses au Cahier des charges Einstein, th\u00e9orie des quanta photon &nbsp; En novembre 1922, alors qu&rsquo;Einstein et Elsa visitaient le Japon dans le cadre d&rsquo;une longue tourn\u00e9e en Extr\u00eame-Orient, ils apprirent qu&rsquo;Einstein avait re\u00e7u le prix Nobel de physique en 1921.\u00a0Bien qu&rsquo;Einstein \u00e9tait le plus c\u00e9l\u00e8bre pour sa th\u00e9orie [&#8230;]<\/p>\n","protected":false},"author":1,"featured_media":0,"parent":0,"menu_order":4,"comment_status":"open","ping_status":"closed","template":"","meta":[],"_links":{"self":[{"href":"http:\/\/www.planete-sciences.org\/blogs\/defissolaires\/2018_co_fabre1\/wp-json\/wp\/v2\/pages\/15"}],"collection":[{"href":"http:\/\/www.planete-sciences.org\/blogs\/defissolaires\/2018_co_fabre1\/wp-json\/wp\/v2\/pages"}],"about":[{"href":"http:\/\/www.planete-sciences.org\/blogs\/defissolaires\/2018_co_fabre1\/wp-json\/wp\/v2\/types\/page"}],"author":[{"embeddable":true,"href":"http:\/\/www.planete-sciences.org\/blogs\/defissolaires\/2018_co_fabre1\/wp-json\/wp\/v2\/users\/1"}],"replies":[{"embeddable":true,"href":"http:\/\/www.planete-sciences.org\/blogs\/defissolaires\/2018_co_fabre1\/wp-json\/wp\/v2\/comments?post=15"}],"version-history":[{"count":34,"href":"http:\/\/www.planete-sciences.org\/blogs\/defissolaires\/2018_co_fabre1\/wp-json\/wp\/v2\/pages\/15\/revisions"}],"predecessor-version":[{"id":524,"href":"http:\/\/www.planete-sciences.org\/blogs\/defissolaires\/2018_co_fabre1\/wp-json\/wp\/v2\/pages\/15\/revisions\/524"}],"wp:attachment":[{"href":"http:\/\/www.planete-sciences.org\/blogs\/defissolaires\/2018_co_fabre1\/wp-json\/wp\/v2\/media?parent=15"}],"curies":[{"name":"wp","href":"https:\/\/api.w.org\/{rel}","templated":true}]}}