{"id":12,"date":"2011-09-22T19:16:56","date_gmt":"2011-09-22T17:16:56","guid":{"rendered":"http:\/\/www.planete-sciences.org\/blogs\/defissolaires\/dstemplate\/etape-2\/"},"modified":"2018-05-07T12:53:39","modified_gmt":"2018-05-07T10:53:39","slug":"etape3","status":"publish","type":"page","link":"http:\/\/www.planete-sciences.org\/blogs\/defissolaires\/2018_co_fabre1\/etape3\/","title":{"rendered":"Etape 3"},"content":{"rendered":"<h1 style=\"text-align: center\"><a title=\"Permanent Link to Etape 2 \u2013 D\u00e9finition et validation du protocole de conception du v\u00e9hicule\" href=\"http:\/\/www.planete-sciences.org\/blogs\/defissolaires\/dstemplate\/etape2\/\" rel=\"bookmark\">D\u00e9finition et validation du protocole<\/a><\/h1>\n<h1 style=\"text-align: center\"><a title=\"Permanent Link to Etape 2 \u2013 D\u00e9finition et validation du protocole de conception du v\u00e9hicule\" href=\"http:\/\/www.planete-sciences.org\/blogs\/defissolaires\/dstemplate\/etape2\/\" rel=\"bookmark\">de conception du v\u00e9hicule<\/a><\/h1>\n<p>&nbsp;<\/p>\n<h2>Objectifs de cette \u00e9tape\u00a0:<\/h2>\n<blockquote>\n<ul>\n<li>\n<h1><span lang=\"fr-FR\">Les\u00a0<\/span><span lang=\"fr-FR\">Super-condensateurs<\/span><\/h1>\n<h3 align=\"LEFT\"><\/h3>\n<h3 align=\"LEFT\">Nos\u00a0super-condensateurs\u00a0nous permettent d&rsquo;obtenir une densit\u00e9 de puissance et une densit\u00e9 d&rsquo;\u00e9nergie interm\u00e9diaire entre nos condensateurs \u00e9lectrolytiques.<\/h3>\n<p><a href=\"http:\/\/www.planete-sciences.org\/blogs\/defissolaires\/2017_co_fabre1\/files\/2012\/09\/IMG_6146.jpg\"><img loading=\"lazy\" class=\"alignnone size-medium wp-image-349\" src=\"http:\/\/www.planete-sciences.org\/blogs\/defissolaires\/2017_co_fabre1\/files\/2012\/09\/IMG_6146-300x225.jpg\" alt=\"IMG_6146\" width=\"300\" height=\"225\" \/><\/a><\/p>\n<h3 align=\"LEFT\"><span lang=\"fr-FR\">Ils sont compos\u00e9s de plusieurs cellules mont\u00e9es en s\u00e9ries parall\u00e8le, ils permettent une tension\u00a0<\/span><span lang=\"fr-FR\">et un courant de sorties \u00e9lev\u00e9s et stockent une quantit\u00e9 d&rsquo;\u00e9nergie interm\u00e9diaire entre les 2 modes de stockage et peuvent la restituer plus rapidement qu&rsquo;une batterie normale.Linux Libertine; Georgia; Times; serif<\/span><span lang=\"fr-FR\">Ils sont donc souvent utilis\u00e9s comme \u00e9l\u00e9ment de stockage d\u2019appoint d&rsquo;\u00e9nergie, en compl\u00e9ment \u00e0 des batteries ou \u00e0 une\u00a0<\/span><span lang=\"fr-FR\">pile \u00e0 combustible.<\/span><\/h3>\n<p>&nbsp;<\/p>\n<p><a href=\"http:\/\/www.planete-sciences.org\/blogs\/defissolaires\/2017_co_fabre1\/files\/2012\/09\/403382-1.jpg\"><img loading=\"lazy\" class=\"alignnone size-medium wp-image-350\" src=\"http:\/\/www.planete-sciences.org\/blogs\/defissolaires\/2017_co_fabre1\/files\/2012\/09\/403382-1-300x225.jpg\" alt=\"403382 (1)\" width=\"300\" height=\"225\" \/><\/a><\/p>\n<h3 align=\"LEFT\">Merci d&rsquo;avoir lu notre article<\/h3>\n<h3 align=\"LEFT\">A bient\u00f4t<\/h3>\n<\/li>\n<\/ul>\n<\/blockquote>\n<p>&nbsp;<\/p>\n<h1>fonctionnement du\u00a0train d&rsquo;atterrissage<\/h1>\n<p>un moteur avec un petit pignon fait tourner un plus gros pignon ce qui fait tourner un vis sans fin qui fait d\u00e9placer un \u00e9crou et le tout fait bouger une petite pi\u00e8ce noire en plastique.<\/p>\n<p><a href=\"http:\/\/www.planete-sciences.org\/blogs\/defissolaires\/2018_co_fabre1\/files\/2018\/05\/IMG_5861.jpg\"><img loading=\"lazy\" class=\"alignnone size-medium wp-image-505\" src=\"http:\/\/www.planete-sciences.org\/blogs\/defissolaires\/2018_co_fabre1\/files\/2018\/05\/IMG_5861-300x225.jpg\" alt=\"\" width=\"300\" height=\"225\" srcset=\"http:\/\/www.planete-sciences.org\/blogs\/defissolaires\/2018_co_fabre1\/files\/2018\/05\/IMG_5861-300x225.jpg 300w, http:\/\/www.planete-sciences.org\/blogs\/defissolaires\/2018_co_fabre1\/files\/2018\/05\/IMG_5861-768x576.jpg 768w, http:\/\/www.planete-sciences.org\/blogs\/defissolaires\/2018_co_fabre1\/files\/2018\/05\/IMG_5861-1024x768.jpg 1024w\" sizes=\"(max-width: 300px) 100vw, 300px\" \/><\/a><\/p>\n<p>&nbsp;<\/p>\n<h1>Moteur cass\u00e9<\/h1>\n<p>Nous avions un moteur presque neuf mais un bout d&rsquo;aimant s&rsquo;est cass\u00e9 et le moteur en fonctionnement tourne ce qui a coup\u00e9 les bobines de cuivre .Les bobines de cuivre sont essentielles pour le fonctionnement du moteur du coup le moteur est d\u00e9truit.<\/p>\n<p><a href=\"http:\/\/www.planete-sciences.org\/blogs\/defissolaires\/2018_co_fabre1\/files\/2018\/05\/IMG_5859.jpg\"><img loading=\"lazy\" class=\"alignnone size-medium wp-image-510\" src=\"http:\/\/www.planete-sciences.org\/blogs\/defissolaires\/2018_co_fabre1\/files\/2018\/05\/IMG_5859-300x225.jpg\" alt=\"\" width=\"300\" height=\"225\" srcset=\"http:\/\/www.planete-sciences.org\/blogs\/defissolaires\/2018_co_fabre1\/files\/2018\/05\/IMG_5859-300x225.jpg 300w, http:\/\/www.planete-sciences.org\/blogs\/defissolaires\/2018_co_fabre1\/files\/2018\/05\/IMG_5859-768x576.jpg 768w, http:\/\/www.planete-sciences.org\/blogs\/defissolaires\/2018_co_fabre1\/files\/2018\/05\/IMG_5859-1024x768.jpg 1024w\" sizes=\"(max-width: 300px) 100vw, 300px\" \/><\/a> <a href=\"http:\/\/www.planete-sciences.org\/blogs\/defissolaires\/2018_co_fabre1\/files\/2018\/05\/IMG_5860.jpg\"><img loading=\"lazy\" class=\"alignnone size-medium wp-image-511\" src=\"http:\/\/www.planete-sciences.org\/blogs\/defissolaires\/2018_co_fabre1\/files\/2018\/05\/IMG_5860-300x225.jpg\" alt=\"\" width=\"300\" height=\"225\" srcset=\"http:\/\/www.planete-sciences.org\/blogs\/defissolaires\/2018_co_fabre1\/files\/2018\/05\/IMG_5860-300x225.jpg 300w, http:\/\/www.planete-sciences.org\/blogs\/defissolaires\/2018_co_fabre1\/files\/2018\/05\/IMG_5860-768x576.jpg 768w, http:\/\/www.planete-sciences.org\/blogs\/defissolaires\/2018_co_fabre1\/files\/2018\/05\/IMG_5860-1024x768.jpg 1024w\" sizes=\"(max-width: 300px) 100vw, 300px\" \/><\/a><\/p>\n<p>&nbsp;<\/p>\n<h3><strong>1. <\/strong><strong>Objectifs atteints<\/strong><\/h3>\n<p>cela prend du temps de monter les voitures et des faire le blog .mais cela porte ces fruits , nous avons mont\u00e9 les voitures et ils nous manquent plus qu\u2019\u00e0 les am\u00e9liorer.<\/p>\n<h3><strong>2. Illustrations<\/strong><\/h3>\n<p><a href=\"http:\/\/www.planete-sciences.org\/blogs\/defissolaires\/2018_co_fabre1\/files\/2018\/04\/GROUPE.jpg\"><img loading=\"lazy\" class=\"alignnone size-medium wp-image-371\" src=\"http:\/\/www.planete-sciences.org\/blogs\/defissolaires\/2018_co_fabre1\/files\/2018\/04\/GROUPE-300x225.jpg\" alt=\"\" width=\"300\" height=\"225\" srcset=\"http:\/\/www.planete-sciences.org\/blogs\/defissolaires\/2018_co_fabre1\/files\/2018\/04\/GROUPE-300x225.jpg 300w, http:\/\/www.planete-sciences.org\/blogs\/defissolaires\/2018_co_fabre1\/files\/2018\/04\/GROUPE-768x576.jpg 768w, http:\/\/www.planete-sciences.org\/blogs\/defissolaires\/2018_co_fabre1\/files\/2018\/04\/GROUPE-1024x768.jpg 1024w\" sizes=\"(max-width: 300px) 100vw, 300px\" \/><\/a>\u00a0 \u00a0\u00a0<a href=\"http:\/\/www.planete-sciences.org\/blogs\/defissolaires\/2018_co_fabre1\/files\/2018\/04\/LA-BOOSS-1.jpg\"><img loading=\"lazy\" class=\"alignnone size-medium wp-image-370\" src=\"http:\/\/www.planete-sciences.org\/blogs\/defissolaires\/2018_co_fabre1\/files\/2018\/04\/LA-BOOSS-1-300x225.jpg\" alt=\"\" width=\"300\" height=\"225\" srcset=\"http:\/\/www.planete-sciences.org\/blogs\/defissolaires\/2018_co_fabre1\/files\/2018\/04\/LA-BOOSS-1-300x225.jpg 300w, http:\/\/www.planete-sciences.org\/blogs\/defissolaires\/2018_co_fabre1\/files\/2018\/04\/LA-BOOSS-1-768x576.jpg 768w, http:\/\/www.planete-sciences.org\/blogs\/defissolaires\/2018_co_fabre1\/files\/2018\/04\/LA-BOOSS-1-1024x768.jpg 1024w\" sizes=\"(max-width: 300px) 100vw, 300px\" \/><\/a><\/p>\n<h3><strong>3. D\u00e9roulement<\/strong> (Exp\u00e9riences, sortie, rencontres, recherches, etc.)<\/h3>\n<p>Souvent nous avons du d\u00e9monter et remonter la voiture\u00a0 , le moteur car il \u00e9tait mal mit. Pour mettre des roue lat\u00e9rale nous avons du usiner et imprimer en 3d.<\/p>\n<p><strong>\u00a0<\/strong><strong>4. Appr\u00e9ciation du groupe<\/strong><\/p>\n<p>Toute les classes de la 6\u00e9me \u00e0 la 3\u00e9me sont r\u00e9unis pour ce concours , nous sommes soud\u00e9es et\u00a0 tr\u00e8s motiver pour gagner ce concours !!! Avec un prof g\u00e9nial.<\/p>\n<p>&nbsp;<\/p>\n<h3><strong>5. Autres commentaires <\/strong>(questions aux suiveurs, perspectives)<\/h3>\n<p>blog vraiment tr\u00e8s dur et il faudrait qu&rsquo;on est les codes d\u00e8s le d\u00e9but.<\/p>\n","protected":false},"excerpt":{"rendered":"<p>D\u00e9finition et validation du protocole de conception du v\u00e9hicule &nbsp; Objectifs de cette \u00e9tape\u00a0: Les\u00a0Super-condensateurs Nos\u00a0super-condensateurs\u00a0nous permettent d&rsquo;obtenir une densit\u00e9 de puissance et une densit\u00e9 d&rsquo;\u00e9nergie interm\u00e9diaire entre nos condensateurs \u00e9lectrolytiques. Ils sont compos\u00e9s de plusieurs cellules mont\u00e9es en s\u00e9ries parall\u00e8le, ils permettent une tension\u00a0et un courant de sorties \u00e9lev\u00e9s et stockent une quantit\u00e9 d&rsquo;\u00e9nergie [&#8230;]<\/p>\n","protected":false},"author":1,"featured_media":0,"parent":0,"menu_order":3,"comment_status":"open","ping_status":"closed","template":"","meta":[],"_links":{"self":[{"href":"http:\/\/www.planete-sciences.org\/blogs\/defissolaires\/2018_co_fabre1\/wp-json\/wp\/v2\/pages\/12"}],"collection":[{"href":"http:\/\/www.planete-sciences.org\/blogs\/defissolaires\/2018_co_fabre1\/wp-json\/wp\/v2\/pages"}],"about":[{"href":"http:\/\/www.planete-sciences.org\/blogs\/defissolaires\/2018_co_fabre1\/wp-json\/wp\/v2\/types\/page"}],"author":[{"embeddable":true,"href":"http:\/\/www.planete-sciences.org\/blogs\/defissolaires\/2018_co_fabre1\/wp-json\/wp\/v2\/users\/1"}],"replies":[{"embeddable":true,"href":"http:\/\/www.planete-sciences.org\/blogs\/defissolaires\/2018_co_fabre1\/wp-json\/wp\/v2\/comments?post=12"}],"version-history":[{"count":27,"href":"http:\/\/www.planete-sciences.org\/blogs\/defissolaires\/2018_co_fabre1\/wp-json\/wp\/v2\/pages\/12\/revisions"}],"predecessor-version":[{"id":517,"href":"http:\/\/www.planete-sciences.org\/blogs\/defissolaires\/2018_co_fabre1\/wp-json\/wp\/v2\/pages\/12\/revisions\/517"}],"wp:attachment":[{"href":"http:\/\/www.planete-sciences.org\/blogs\/defissolaires\/2018_co_fabre1\/wp-json\/wp\/v2\/media?parent=12"}],"curies":[{"name":"wp","href":"https:\/\/api.w.org\/{rel}","templated":true}]}}