{"id":440,"date":"2017-05-15T12:16:01","date_gmt":"2017-05-15T10:16:01","guid":{"rendered":"http:\/\/www.planete-sciences.org\/blogs\/defissolaires\/2017_ly_saintjoseph\/?page_id=440"},"modified":"2017-05-15T12:16:01","modified_gmt":"2017-05-15T10:16:01","slug":"panneau-solaire","status":"publish","type":"page","link":"http:\/\/www.planete-sciences.org\/blogs\/defissolaires\/2017_ly_saintjoseph\/groupe-lundi-a\/panneau-solaire\/","title":{"rendered":"Panneau solaire"},"content":{"rendered":"<p id=\"h.p_YZGcNxz6I76F\" class=\"zfr3Q\">Caract\u00e9ristique des cellules:<\/p>\n<ul class=\"n8H08c UVNKR\">\n<ul class=\"n8H08c UVNKR\">\n<li id=\"h.p_hqZ3JPAQJlou\" class=\"zfr3Q TYR86d\">Puissance moyenne (Watts): 1.8 W<\/li>\n<li id=\"h.p_lRA7rzo_JKgD\" class=\"zfr3Q TYR86d\">Courant moyen (Amps): 3.6 Amps<\/li>\n<li id=\"h.p_YOqsi22FJJc_\" class=\"zfr3Q TYR86d\">Voltage moyen (Volts): 0.5 V<\/li>\n<li id=\"h.p_Zdx6xpHeJIYA\" class=\"zfr3Q TYR86d\">Dimensions: 80 mm par 150 mm<\/li>\n<li id=\"h.p_vGHOrX4GJHrA\" class=\"zfr3Q TYR86d\">\u00c9paisseur= 0.2 mm<\/li>\n<li id=\"h.p_N9UgiJHJJGtA\" class=\"zfr3Q TYR86d\">Masse: environ 6.5 g<\/li>\n<\/ul>\n<\/ul>\n<p id=\"h.p_yh_ec6OkJYII\" class=\"zfr3Q\">La chaleur fait baisser le d\u00e9bit de volt et de courant tandis que le froid les fait augmenter.L\u2019ombre emp\u00eache la production d\u2019\u00e9lectricit\u00e9 par les panneaux. La production est proche de 0 V. D\u00e8s qu\u2019une cellule est \u00e0 l\u2019ombre toute l\u2019alimentation est coup\u00e9e car les cellules sont connect\u00e9es en \u00ab s\u00e9rie \u00bb.<\/p>\n<p class=\"zfr3Q\"><a href=\"http:\/\/www.planete-sciences.org\/blogs\/defissolaires\/2017_ly_saintjoseph\/files\/2017\/05\/EmbeddedImage1313121111111111111111111111111111111111.png\"><img loading=\"lazy\" class=\"alignnone wp-image-441 size-medium\" src=\"http:\/\/www.planete-sciences.org\/blogs\/defissolaires\/2017_ly_saintjoseph\/files\/2017\/05\/EmbeddedImage1313121111111111111111111111111111111111-191x300.png\" width=\"191\" height=\"300\" srcset=\"http:\/\/www.planete-sciences.org\/blogs\/defissolaires\/2017_ly_saintjoseph\/files\/2017\/05\/EmbeddedImage1313121111111111111111111111111111111111-191x300.png 191w, http:\/\/www.planete-sciences.org\/blogs\/defissolaires\/2017_ly_saintjoseph\/files\/2017\/05\/EmbeddedImage1313121111111111111111111111111111111111.png 521w\" sizes=\"(max-width: 191px) 100vw, 191px\" \/><\/a><\/p>\n","protected":false},"excerpt":{"rendered":"<p>Caract\u00e9ristique des cellules: Puissance moyenne (Watts): 1.8 W Courant moyen (Amps): 3.6 Amps Voltage moyen (Volts): 0.5 V Dimensions: 80 mm par 150 mm \u00c9paisseur= 0.2 mm Masse: environ 6.5 g La chaleur fait baisser le d\u00e9bit de volt et de courant tandis que le froid les fait augmenter.L\u2019ombre emp\u00eache la production d\u2019\u00e9lectricit\u00e9 par les [&#8230;]<\/p>\n","protected":false},"author":210,"featured_media":0,"parent":344,"menu_order":0,"comment_status":"closed","ping_status":"closed","template":"","meta":[],"_links":{"self":[{"href":"http:\/\/www.planete-sciences.org\/blogs\/defissolaires\/2017_ly_saintjoseph\/wp-json\/wp\/v2\/pages\/440"}],"collection":[{"href":"http:\/\/www.planete-sciences.org\/blogs\/defissolaires\/2017_ly_saintjoseph\/wp-json\/wp\/v2\/pages"}],"about":[{"href":"http:\/\/www.planete-sciences.org\/blogs\/defissolaires\/2017_ly_saintjoseph\/wp-json\/wp\/v2\/types\/page"}],"author":[{"embeddable":true,"href":"http:\/\/www.planete-sciences.org\/blogs\/defissolaires\/2017_ly_saintjoseph\/wp-json\/wp\/v2\/users\/210"}],"replies":[{"embeddable":true,"href":"http:\/\/www.planete-sciences.org\/blogs\/defissolaires\/2017_ly_saintjoseph\/wp-json\/wp\/v2\/comments?post=440"}],"version-history":[{"count":1,"href":"http:\/\/www.planete-sciences.org\/blogs\/defissolaires\/2017_ly_saintjoseph\/wp-json\/wp\/v2\/pages\/440\/revisions"}],"predecessor-version":[{"id":442,"href":"http:\/\/www.planete-sciences.org\/blogs\/defissolaires\/2017_ly_saintjoseph\/wp-json\/wp\/v2\/pages\/440\/revisions\/442"}],"up":[{"embeddable":true,"href":"http:\/\/www.planete-sciences.org\/blogs\/defissolaires\/2017_ly_saintjoseph\/wp-json\/wp\/v2\/pages\/344"}],"wp:attachment":[{"href":"http:\/\/www.planete-sciences.org\/blogs\/defissolaires\/2017_ly_saintjoseph\/wp-json\/wp\/v2\/media?parent=440"}],"curies":[{"name":"wp","href":"https:\/\/api.w.org\/{rel}","templated":true}]}}