{"id":425,"date":"2017-05-15T11:59:51","date_gmt":"2017-05-15T09:59:51","guid":{"rendered":"http:\/\/www.planete-sciences.org\/blogs\/defissolaires\/2017_ly_saintjoseph\/?page_id=425"},"modified":"2017-05-15T11:59:51","modified_gmt":"2017-05-15T09:59:51","slug":"carroserie","status":"publish","type":"page","link":"http:\/\/www.planete-sciences.org\/blogs\/defissolaires\/2017_ly_saintjoseph\/groupe-lundi-a\/carroserie\/","title":{"rendered":"Carroserie"},"content":{"rendered":"<div class=\"tyJCtd mGzaTb baZpAe\">\n<p id=\"h.p_4UUNzZLqalVZ\" class=\"zfr3Q\">La carrosserie doit \u00eatre la plus l\u00e9g\u00e8re possible. Elle doit aussi avoir le plus petit coefficient de tra\u00een\u00e9e possible.<\/p>\n<p class=\"zfr3Q\"><a href=\"http:\/\/www.planete-sciences.org\/blogs\/defissolaires\/2017_ly_saintjoseph\/files\/2017\/05\/EmbeddedImage46464646545645654.png\"><img loading=\"lazy\" class=\"alignnone size-full wp-image-426\" src=\"http:\/\/www.planete-sciences.org\/blogs\/defissolaires\/2017_ly_saintjoseph\/files\/2017\/05\/EmbeddedImage46464646545645654.png\" alt=\"\" width=\"222\" height=\"259\" \/><\/a><\/p>\n<\/div>\n","protected":false},"excerpt":{"rendered":"<p>La carrosserie doit \u00eatre la plus l\u00e9g\u00e8re possible. Elle doit aussi avoir le plus petit coefficient de tra\u00een\u00e9e possible.<\/p>\n","protected":false},"author":210,"featured_media":0,"parent":344,"menu_order":0,"comment_status":"closed","ping_status":"closed","template":"","meta":[],"_links":{"self":[{"href":"http:\/\/www.planete-sciences.org\/blogs\/defissolaires\/2017_ly_saintjoseph\/wp-json\/wp\/v2\/pages\/425"}],"collection":[{"href":"http:\/\/www.planete-sciences.org\/blogs\/defissolaires\/2017_ly_saintjoseph\/wp-json\/wp\/v2\/pages"}],"about":[{"href":"http:\/\/www.planete-sciences.org\/blogs\/defissolaires\/2017_ly_saintjoseph\/wp-json\/wp\/v2\/types\/page"}],"author":[{"embeddable":true,"href":"http:\/\/www.planete-sciences.org\/blogs\/defissolaires\/2017_ly_saintjoseph\/wp-json\/wp\/v2\/users\/210"}],"replies":[{"embeddable":true,"href":"http:\/\/www.planete-sciences.org\/blogs\/defissolaires\/2017_ly_saintjoseph\/wp-json\/wp\/v2\/comments?post=425"}],"version-history":[{"count":1,"href":"http:\/\/www.planete-sciences.org\/blogs\/defissolaires\/2017_ly_saintjoseph\/wp-json\/wp\/v2\/pages\/425\/revisions"}],"predecessor-version":[{"id":427,"href":"http:\/\/www.planete-sciences.org\/blogs\/defissolaires\/2017_ly_saintjoseph\/wp-json\/wp\/v2\/pages\/425\/revisions\/427"}],"up":[{"embeddable":true,"href":"http:\/\/www.planete-sciences.org\/blogs\/defissolaires\/2017_ly_saintjoseph\/wp-json\/wp\/v2\/pages\/344"}],"wp:attachment":[{"href":"http:\/\/www.planete-sciences.org\/blogs\/defissolaires\/2017_ly_saintjoseph\/wp-json\/wp\/v2\/media?parent=425"}],"curies":[{"name":"wp","href":"https:\/\/api.w.org\/{rel}","templated":true}]}}