{"id":416,"date":"2017-05-15T11:45:55","date_gmt":"2017-05-15T09:45:55","guid":{"rendered":"http:\/\/www.planete-sciences.org\/blogs\/defissolaires\/2017_ly_saintjoseph\/?page_id=416"},"modified":"2017-05-15T11:45:55","modified_gmt":"2017-05-15T09:45:55","slug":"electronique-de-commande","status":"publish","type":"page","link":"http:\/\/www.planete-sciences.org\/blogs\/defissolaires\/2017_ly_saintjoseph\/groupe-lundi-a\/electronique-de-commande\/","title":{"rendered":"Electronique de commande"},"content":{"rendered":"<div class=\"tyJCtd mGzaTb baZpAe\">\n<p id=\"h.p_yXRC0ECdVrbx\" class=\"zfr3Q\">Toute l&rsquo;\u00e9lectronique du v\u00e9hicule doit \u00eatre branch\u00e9 et install\u00e9 de fa\u00e7on \u00e0 \u00eatre le plus efficace possible.<\/p>\n<p id=\"h.p_kmcT_9SPWFYz\" class=\"zfr3Q\">On peut alors utiliser trois solutions :<\/p>\n<ul class=\"n8H08c UVNKR\">\n<li id=\"h.p_4GuppTo5WNj-\" class=\"zfr3Q TYR86d\">une carte \u00e9lectronique<\/li>\n<li id=\"h.p_8XDgel-BWX4l\" class=\"zfr3Q TYR86d\">des serres-c\u00e2bles<\/li>\n<li id=\"h.p_IUJ5h4wYWdZV\" class=\"zfr3Q TYR86d\">des barrettes fixes-c\u00e2bles.<\/li>\n<\/ul>\n<p><a href=\"http:\/\/www.planete-sciences.org\/blogs\/defissolaires\/2017_ly_saintjoseph\/files\/2017\/05\/http_www_buyland_frstoreimagesProductsAUDIO20-20VIDEOLecteurs20DVDPieces20detacheesCarte20electronique20Lecteur20VCD20-20HL-802_2.jpg\"><img loading=\"lazy\" class=\"alignnone wp-image-417 size-medium\" src=\"http:\/\/www.planete-sciences.org\/blogs\/defissolaires\/2017_ly_saintjoseph\/files\/2017\/05\/http_www_buyland_frstoreimagesProductsAUDIO20-20VIDEOLecteurs20DVDPieces20detacheesCarte20electronique20Lecteur20VCD20-20HL-802_2-225x300.jpg\" width=\"225\" height=\"300\" srcset=\"http:\/\/www.planete-sciences.org\/blogs\/defissolaires\/2017_ly_saintjoseph\/files\/2017\/05\/http_www_buyland_frstoreimagesProductsAUDIO20-20VIDEOLecteurs20DVDPieces20detacheesCarte20electronique20Lecteur20VCD20-20HL-802_2-225x300.jpg 225w, http:\/\/www.planete-sciences.org\/blogs\/defissolaires\/2017_ly_saintjoseph\/files\/2017\/05\/http_www_buyland_frstoreimagesProductsAUDIO20-20VIDEOLecteurs20DVDPieces20detacheesCarte20electronique20Lecteur20VCD20-20HL-802_2-768x1024.jpg 768w, http:\/\/www.planete-sciences.org\/blogs\/defissolaires\/2017_ly_saintjoseph\/files\/2017\/05\/http_www_buyland_frstoreimagesProductsAUDIO20-20VIDEOLecteurs20DVDPieces20detacheesCarte20electronique20Lecteur20VCD20-20HL-802_2.jpg 1200w\" sizes=\"(max-width: 225px) 100vw, 225px\" \/><\/a><a href=\"http:\/\/www.planete-sciences.org\/blogs\/defissolaires\/2017_ly_saintjoseph\/files\/2017\/05\/http_img_sellercube_comuploadfile2Uploadfile6NewProductShoot65500732d85a72-aeab-4cff-ace5-20d9e5544ff0.jpg\"><img loading=\"lazy\" class=\"alignnone size-medium wp-image-418\" src=\"http:\/\/www.planete-sciences.org\/blogs\/defissolaires\/2017_ly_saintjoseph\/files\/2017\/05\/http_img_sellercube_comuploadfile2Uploadfile6NewProductShoot65500732d85a72-aeab-4cff-ace5-20d9e5544ff0-300x300.jpg\" alt=\"\" width=\"300\" height=\"300\" srcset=\"http:\/\/www.planete-sciences.org\/blogs\/defissolaires\/2017_ly_saintjoseph\/files\/2017\/05\/http_img_sellercube_comuploadfile2Uploadfile6NewProductShoot65500732d85a72-aeab-4cff-ace5-20d9e5544ff0-300x300.jpg 300w, http:\/\/www.planete-sciences.org\/blogs\/defissolaires\/2017_ly_saintjoseph\/files\/2017\/05\/http_img_sellercube_comuploadfile2Uploadfile6NewProductShoot65500732d85a72-aeab-4cff-ace5-20d9e5544ff0-150x150.jpg 150w, http:\/\/www.planete-sciences.org\/blogs\/defissolaires\/2017_ly_saintjoseph\/files\/2017\/05\/http_img_sellercube_comuploadfile2Uploadfile6NewProductShoot65500732d85a72-aeab-4cff-ace5-20d9e5544ff0-768x768.jpg 768w, http:\/\/www.planete-sciences.org\/blogs\/defissolaires\/2017_ly_saintjoseph\/files\/2017\/05\/http_img_sellercube_comuploadfile2Uploadfile6NewProductShoot65500732d85a72-aeab-4cff-ace5-20d9e5544ff0-1024x1024.jpg 1024w, http:\/\/www.planete-sciences.org\/blogs\/defissolaires\/2017_ly_saintjoseph\/files\/2017\/05\/http_img_sellercube_comuploadfile2Uploadfile6NewProductShoot65500732d85a72-aeab-4cff-ace5-20d9e5544ff0.jpg 1200w\" sizes=\"(max-width: 300px) 100vw, 300px\" \/><\/a><a href=\"http:\/\/www.planete-sciences.org\/blogs\/defissolaires\/2017_ly_saintjoseph\/files\/2017\/05\/http_www_outilonline_comcatalogimagesetrier-KB16steckfix-1.jpg\"><img loading=\"lazy\" class=\"alignnone  wp-image-419\" src=\"http:\/\/www.planete-sciences.org\/blogs\/defissolaires\/2017_ly_saintjoseph\/files\/2017\/05\/http_www_outilonline_comcatalogimagesetrier-KB16steckfix-1-300x193.jpg\" alt=\"\" width=\"465\" height=\"299\" srcset=\"http:\/\/www.planete-sciences.org\/blogs\/defissolaires\/2017_ly_saintjoseph\/files\/2017\/05\/http_www_outilonline_comcatalogimagesetrier-KB16steckfix-1-300x193.jpg 300w, http:\/\/www.planete-sciences.org\/blogs\/defissolaires\/2017_ly_saintjoseph\/files\/2017\/05\/http_www_outilonline_comcatalogimagesetrier-KB16steckfix-1.jpg 700w\" sizes=\"(max-width: 465px) 100vw, 465px\" \/><\/a><\/p>\n<\/div>\n","protected":false},"excerpt":{"rendered":"<p>Toute l&rsquo;\u00e9lectronique du v\u00e9hicule doit \u00eatre branch\u00e9 et install\u00e9 de fa\u00e7on \u00e0 \u00eatre le plus efficace possible. On peut alors utiliser trois solutions : une carte \u00e9lectronique des serres-c\u00e2bles des barrettes fixes-c\u00e2bles.<\/p>\n","protected":false},"author":210,"featured_media":0,"parent":344,"menu_order":0,"comment_status":"closed","ping_status":"closed","template":"","meta":[],"_links":{"self":[{"href":"http:\/\/www.planete-sciences.org\/blogs\/defissolaires\/2017_ly_saintjoseph\/wp-json\/wp\/v2\/pages\/416"}],"collection":[{"href":"http:\/\/www.planete-sciences.org\/blogs\/defissolaires\/2017_ly_saintjoseph\/wp-json\/wp\/v2\/pages"}],"about":[{"href":"http:\/\/www.planete-sciences.org\/blogs\/defissolaires\/2017_ly_saintjoseph\/wp-json\/wp\/v2\/types\/page"}],"author":[{"embeddable":true,"href":"http:\/\/www.planete-sciences.org\/blogs\/defissolaires\/2017_ly_saintjoseph\/wp-json\/wp\/v2\/users\/210"}],"replies":[{"embeddable":true,"href":"http:\/\/www.planete-sciences.org\/blogs\/defissolaires\/2017_ly_saintjoseph\/wp-json\/wp\/v2\/comments?post=416"}],"version-history":[{"count":1,"href":"http:\/\/www.planete-sciences.org\/blogs\/defissolaires\/2017_ly_saintjoseph\/wp-json\/wp\/v2\/pages\/416\/revisions"}],"predecessor-version":[{"id":420,"href":"http:\/\/www.planete-sciences.org\/blogs\/defissolaires\/2017_ly_saintjoseph\/wp-json\/wp\/v2\/pages\/416\/revisions\/420"}],"up":[{"embeddable":true,"href":"http:\/\/www.planete-sciences.org\/blogs\/defissolaires\/2017_ly_saintjoseph\/wp-json\/wp\/v2\/pages\/344"}],"wp:attachment":[{"href":"http:\/\/www.planete-sciences.org\/blogs\/defissolaires\/2017_ly_saintjoseph\/wp-json\/wp\/v2\/media?parent=416"}],"curies":[{"name":"wp","href":"https:\/\/api.w.org\/{rel}","templated":true}]}}