{"id":399,"date":"2017-03-27T12:25:48","date_gmt":"2017-03-27T10:25:48","guid":{"rendered":"http:\/\/www.planete-sciences.org\/blogs\/defissolaires\/2017_ly_saintjoseph\/?page_id=399"},"modified":"2017-03-27T12:27:18","modified_gmt":"2017-03-27T10:27:18","slug":"399-2","status":"publish","type":"page","link":"http:\/\/www.planete-sciences.org\/blogs\/defissolaires\/2017_ly_saintjoseph\/groupe-lundi-a\/399-2\/","title":{"rendered":"Direction"},"content":{"rendered":"<p>Le servo-moteur fait pivoter la tige mobile qui modifie l\u2019orientation des roues qui permettent de contr\u00f4ler la direction du v\u00e9hicule, elle m\u00eame relier \u00e0 la tige de maintien.<br \/>\n<a href=\"http:\/\/ekladata.com\/GnSoYeroIEzKjK6vc3weV_4ulVE.png\"><img loading=\"lazy\" class=\"aligncenter size-full\" src=\"http:\/\/ekladata.com\/GnSoYeroIEzKjK6vc3weV_4ulVE.png\" alt=\"\" width=\"772\" height=\"442\" \/><\/a><\/p>\n","protected":false},"excerpt":{"rendered":"<p>Le servo-moteur fait pivoter la tige mobile qui modifie l\u2019orientation des roues qui permettent de contr\u00f4ler la direction du v\u00e9hicule, elle m\u00eame relier \u00e0 la tige de maintien.<\/p>\n","protected":false},"author":210,"featured_media":0,"parent":344,"menu_order":0,"comment_status":"closed","ping_status":"closed","template":"","meta":[],"_links":{"self":[{"href":"http:\/\/www.planete-sciences.org\/blogs\/defissolaires\/2017_ly_saintjoseph\/wp-json\/wp\/v2\/pages\/399"}],"collection":[{"href":"http:\/\/www.planete-sciences.org\/blogs\/defissolaires\/2017_ly_saintjoseph\/wp-json\/wp\/v2\/pages"}],"about":[{"href":"http:\/\/www.planete-sciences.org\/blogs\/defissolaires\/2017_ly_saintjoseph\/wp-json\/wp\/v2\/types\/page"}],"author":[{"embeddable":true,"href":"http:\/\/www.planete-sciences.org\/blogs\/defissolaires\/2017_ly_saintjoseph\/wp-json\/wp\/v2\/users\/210"}],"replies":[{"embeddable":true,"href":"http:\/\/www.planete-sciences.org\/blogs\/defissolaires\/2017_ly_saintjoseph\/wp-json\/wp\/v2\/comments?post=399"}],"version-history":[{"count":2,"href":"http:\/\/www.planete-sciences.org\/blogs\/defissolaires\/2017_ly_saintjoseph\/wp-json\/wp\/v2\/pages\/399\/revisions"}],"predecessor-version":[{"id":401,"href":"http:\/\/www.planete-sciences.org\/blogs\/defissolaires\/2017_ly_saintjoseph\/wp-json\/wp\/v2\/pages\/399\/revisions\/401"}],"up":[{"embeddable":true,"href":"http:\/\/www.planete-sciences.org\/blogs\/defissolaires\/2017_ly_saintjoseph\/wp-json\/wp\/v2\/pages\/344"}],"wp:attachment":[{"href":"http:\/\/www.planete-sciences.org\/blogs\/defissolaires\/2017_ly_saintjoseph\/wp-json\/wp\/v2\/media?parent=399"}],"curies":[{"name":"wp","href":"https:\/\/api.w.org\/{rel}","templated":true}]}}