{"id":344,"date":"2017-03-06T11:45:58","date_gmt":"2017-03-06T10:45:58","guid":{"rendered":"http:\/\/www.planete-sciences.org\/blogs\/defissolaires\/2017_ly_saintjoseph\/?page_id=344"},"modified":"2017-05-15T12:24:59","modified_gmt":"2017-05-15T10:24:59","slug":"groupe-lundi-a","status":"publish","type":"page","link":"http:\/\/www.planete-sciences.org\/blogs\/defissolaires\/2017_ly_saintjoseph\/groupe-lundi-a\/","title":{"rendered":"Groupe Lundi A"},"content":{"rendered":"<p>Le groupe A du lundi est compos\u00e9 de:<\/p>\n<ul>\n<li>Pierre Berthe<\/li>\n<li>Cl\u00e9ment Vieules<\/li>\n<li>Florian Simmenauer<\/li>\n<li>Eloi David<\/li>\n<li>Th\u00e9o Marceau<\/li>\n<li>Vincent Le Meur<\/li>\n<li>Alo\u00efs Jensou<\/li>\n<\/ul>\n<p>&nbsp;<\/p>\n<p><a href=\"http:\/\/www.planete-sciences.org\/blogs\/defissolaires\/2017_ly_saintjoseph\/groupe-lundi-a\/electronique-de-commande\/\">Electronique de commande<\/a>\u00a0fait par Pierre et Cl\u00e9ment.<\/p>\n<p><a href=\"http:\/\/www.planete-sciences.org\/blogs\/defissolaires\/2017_ly_saintjoseph\/groupe-lundi-a\/399-2\/\">Direction<\/a>\u00a0fait par Alo\u00efs et Corentin.<\/p>\n<p><a href=\"http:\/\/www.planete-sciences.org\/blogs\/defissolaires\/2017_ly_saintjoseph\/groupe-lundi-a\/moteur\/\">Moteur<\/a>\u00a0fait par Florian et Eloi.<\/p>\n<p><a href=\"http:\/\/www.planete-sciences.org\/blogs\/defissolaires\/2017_ly_saintjoseph\/groupe-lundi-a\/carroserie\/\">Carrosserie<\/a>\u00a0Th\u00e9o et Vincent.<\/p>\n<p><a href=\"http:\/\/www.planete-sciences.org\/blogs\/defissolaires\/2017_ly_saintjoseph\/groupe-lundi-a\/chassis\/\">Ch\u00e2ssis<\/a>\u00a0Th\u00e9o et Vincent.<\/p>\n<p><a href=\"http:\/\/www.planete-sciences.org\/blogs\/defissolaires\/2017_ly_saintjoseph\/groupe-lundi-a\/panneau-solaire\/\">Panneau solaire<\/a>\u00a0fait par Florian et Eloi.<\/p>\n<p>Le site a \u00e9t\u00e9 mis en place par Pierre et Cl\u00e9ment.<\/p>\n","protected":false},"excerpt":{"rendered":"<p>Le groupe A du lundi est compos\u00e9 de: Pierre Berthe Cl\u00e9ment Vieules Florian Simmenauer Eloi David Th\u00e9o Marceau Vincent Le Meur Alo\u00efs Jensou &nbsp; Electronique de commande\u00a0fait par Pierre et Cl\u00e9ment. Direction\u00a0fait par Alo\u00efs et Corentin. Moteur\u00a0fait par Florian et Eloi. Carrosserie\u00a0Th\u00e9o et Vincent. Ch\u00e2ssis\u00a0Th\u00e9o et Vincent. Panneau solaire\u00a0fait par Florian et Eloi. Le site [&#8230;]<\/p>\n","protected":false},"author":210,"featured_media":0,"parent":0,"menu_order":0,"comment_status":"closed","ping_status":"closed","template":"","meta":[],"_links":{"self":[{"href":"http:\/\/www.planete-sciences.org\/blogs\/defissolaires\/2017_ly_saintjoseph\/wp-json\/wp\/v2\/pages\/344"}],"collection":[{"href":"http:\/\/www.planete-sciences.org\/blogs\/defissolaires\/2017_ly_saintjoseph\/wp-json\/wp\/v2\/pages"}],"about":[{"href":"http:\/\/www.planete-sciences.org\/blogs\/defissolaires\/2017_ly_saintjoseph\/wp-json\/wp\/v2\/types\/page"}],"author":[{"embeddable":true,"href":"http:\/\/www.planete-sciences.org\/blogs\/defissolaires\/2017_ly_saintjoseph\/wp-json\/wp\/v2\/users\/210"}],"replies":[{"embeddable":true,"href":"http:\/\/www.planete-sciences.org\/blogs\/defissolaires\/2017_ly_saintjoseph\/wp-json\/wp\/v2\/comments?post=344"}],"version-history":[{"count":8,"href":"http:\/\/www.planete-sciences.org\/blogs\/defissolaires\/2017_ly_saintjoseph\/wp-json\/wp\/v2\/pages\/344\/revisions"}],"predecessor-version":[{"id":444,"href":"http:\/\/www.planete-sciences.org\/blogs\/defissolaires\/2017_ly_saintjoseph\/wp-json\/wp\/v2\/pages\/344\/revisions\/444"}],"wp:attachment":[{"href":"http:\/\/www.planete-sciences.org\/blogs\/defissolaires\/2017_ly_saintjoseph\/wp-json\/wp\/v2\/media?parent=344"}],"curies":[{"name":"wp","href":"https:\/\/api.w.org\/{rel}","templated":true}]}}