{"id":15,"date":"2011-09-22T19:19:17","date_gmt":"2011-09-22T17:19:17","guid":{"rendered":"http:\/\/www.planete-sciences.org\/blogs\/defissolaires\/dstemplate\/etape4\/"},"modified":"2017-05-18T16:50:28","modified_gmt":"2017-05-18T14:50:28","slug":"etape4","status":"publish","type":"page","link":"http:\/\/www.planete-sciences.org\/blogs\/defissolaires\/2017_ly_saintjoseph\/groupe-2\/actualites\/etape4\/","title":{"rendered":"Etape 4 GROUPE A DU JEUDI"},"content":{"rendered":"<p>&nbsp;<\/p>\n<h1 style=\"text-align: center\"><a title=\"Permanent Link to Etape 4 \u2013 Test de fonctionnement final des v\u00e9hicules \/ R\u00e9ponses au Cahier des charges \/ Bilan du projet\" href=\"http:\/\/www.planete-sciences.org\/blogs\/defissolaires\/dstemplate\/etape4\/\" rel=\"bookmark\">Test de fonctionnement final des v\u00e9hicules<\/a><\/h1>\n<h1 style=\"text-align: center\"><a title=\"Permanent Link to Etape 4 \u2013 Test de fonctionnement final des v\u00e9hicules \/ R\u00e9ponses au Cahier des charges \/ Bilan du projet\" href=\"http:\/\/www.planete-sciences.org\/blogs\/defissolaires\/dstemplate\/etape4\/\" rel=\"bookmark\">R\u00e9ponses au Cahier des charges<\/a><\/h1>\n<h1 style=\"text-align: center\"><a title=\"Permanent Link to Etape 4 \u2013 Test de fonctionnement final des v\u00e9hicules \/ R\u00e9ponses au Cahier des charges \/ Bilan du projet\" href=\"http:\/\/www.planete-sciences.org\/blogs\/defissolaires\/dstemplate\/etape4\/\" rel=\"bookmark\">Bilan du projet<\/a><\/h1>\n<p>&nbsp;<\/p>\n<h2>Objectifs de cette \u00e9tape\u00a0:<\/h2>\n<blockquote>\n<ul>\n<li><span style=\"color: #ff6600\"><strong>V\u00e9rifier le bon fonctionnement du v\u00e9hicule pour l\u2019\u00e9preuve,<\/strong><\/span><\/li>\n<li><span style=\"color: #ff6600\"><strong>Tester\u00a0 les performances de la voiture en condition de course,<\/strong><\/span><\/li>\n<li><span style=\"color: #ff6600\"><strong>Finaliser le dossier technique et le poster pour la pr\u00e9sentation au Jury ou finaliser le cahier d\u2019exp\u00e9rimentation (ou tout autre support du m\u00eame genre) pour la pr\u00e9sentation au jury.<\/strong><\/span><\/li>\n<\/ul>\n<\/blockquote>\n<p>&nbsp;<\/p>\n<h3><strong>1. <\/strong><strong>Objectifs atteints<\/strong><\/h3>\n<p><strong>Le v\u00e9hicule avance bien il a r\u00e9alis\u00e9 un temps de 13 secondes pour le slalom et un temps de 8 secondes sur le parcours de 50m.<\/strong><\/p>\n<p>&nbsp;<\/p>\n<h3><strong>2. Illustrations<\/strong><\/h3>\n<p><a href=\"http:\/\/www.planete-sciences.org\/blogs\/defissolaires\/2017_ly_saintjoseph\/files\/2011\/09\/IMG_5098.jpg\"><img loading=\"lazy\" class=\"alignnone wp-image-446\" src=\"http:\/\/www.planete-sciences.org\/blogs\/defissolaires\/2017_ly_saintjoseph\/files\/2011\/09\/IMG_5098.jpg\" alt=\"IMG_5098\" width=\"307\" height=\"231\" srcset=\"http:\/\/www.planete-sciences.org\/blogs\/defissolaires\/2017_ly_saintjoseph\/files\/2011\/09\/IMG_5098.jpg 4032w, http:\/\/www.planete-sciences.org\/blogs\/defissolaires\/2017_ly_saintjoseph\/files\/2011\/09\/IMG_5098-300x225.jpg 300w, http:\/\/www.planete-sciences.org\/blogs\/defissolaires\/2017_ly_saintjoseph\/files\/2011\/09\/IMG_5098-768x576.jpg 768w, http:\/\/www.planete-sciences.org\/blogs\/defissolaires\/2017_ly_saintjoseph\/files\/2011\/09\/IMG_5098-1024x768.jpg 1024w\" sizes=\"(max-width: 307px) 100vw, 307px\" \/><\/a><a href=\"http:\/\/www.planete-sciences.org\/blogs\/defissolaires\/2017_ly_saintjoseph\/files\/2011\/09\/IMG_5099.jpg\"><img loading=\"lazy\" class=\"alignnone wp-image-447\" src=\"http:\/\/www.planete-sciences.org\/blogs\/defissolaires\/2017_ly_saintjoseph\/files\/2011\/09\/IMG_5099.jpg\" alt=\"IMG_5099\" width=\"307\" height=\"231\" srcset=\"http:\/\/www.planete-sciences.org\/blogs\/defissolaires\/2017_ly_saintjoseph\/files\/2011\/09\/IMG_5099.jpg 4032w, http:\/\/www.planete-sciences.org\/blogs\/defissolaires\/2017_ly_saintjoseph\/files\/2011\/09\/IMG_5099-300x225.jpg 300w, http:\/\/www.planete-sciences.org\/blogs\/defissolaires\/2017_ly_saintjoseph\/files\/2011\/09\/IMG_5099-768x576.jpg 768w, http:\/\/www.planete-sciences.org\/blogs\/defissolaires\/2017_ly_saintjoseph\/files\/2011\/09\/IMG_5099-1024x768.jpg 1024w\" sizes=\"(max-width: 307px) 100vw, 307px\" \/><\/a><\/p>\n<p>&nbsp;<\/p>\n<h3><strong>3. D\u00e9roulement<\/strong> (Exp\u00e9riences, sortie, rencontres, recherches, etc.)<\/h3>\n<p><strong>\u00a0La voiture a \u00e9t\u00e9 assembl\u00e9e d&rsquo;une mani\u00e8re m\u00e9thodique et r\u00e9fl\u00e9chie\u00a0afin d&rsquo;\u00e9viter d&rsquo;\u00e9ventuels aux probl\u00e8mes au cours de cette magnifique et glorieuse comp\u00e9tition de rallye solaire.Nos ing\u00e9nieures les plus qualifi\u00e9s ont travaill\u00e9s harde ment\u00a0\u00e0 la r\u00e9alisation de ce prototype alliant\u00a0vitesse et endurance.<\/strong><\/p>\n<h3><strong>4. Appr\u00e9ciation du groupe<\/strong><\/h3>\n<p><strong>Cette voiture ne m\u00e9rite qu&rsquo;une chose la victoire et la gloire de la comp\u00e9tition apr\u00e8s avoir passer des heures sur ce<\/strong> <strong>bolide. Nous sommes parer a d\u00e9fendre nos couleurs et \u00e0 triompher\u00a0durant cette course.<\/strong><\/p>\n<p>&nbsp;<\/p>\n<h3>\u00a0<a href=\"http:\/\/www.planete-sciences.org\/blogs\/defissolaires\/2017_ly_saintjoseph\/files\/2011\/09\/CHAMPIONS.jpg\"><img loading=\"lazy\" class=\"wp-image-453 aligncenter\" src=\"http:\/\/www.planete-sciences.org\/blogs\/defissolaires\/2017_ly_saintjoseph\/files\/2011\/09\/CHAMPIONS.jpg\" alt=\"CHAMPIONS\" width=\"587\" height=\"330\" srcset=\"http:\/\/www.planete-sciences.org\/blogs\/defissolaires\/2017_ly_saintjoseph\/files\/2011\/09\/CHAMPIONS.jpg 1280w, http:\/\/www.planete-sciences.org\/blogs\/defissolaires\/2017_ly_saintjoseph\/files\/2011\/09\/CHAMPIONS-300x169.jpg 300w, http:\/\/www.planete-sciences.org\/blogs\/defissolaires\/2017_ly_saintjoseph\/files\/2011\/09\/CHAMPIONS-768x432.jpg 768w, http:\/\/www.planete-sciences.org\/blogs\/defissolaires\/2017_ly_saintjoseph\/files\/2011\/09\/CHAMPIONS-1024x576.jpg 1024w\" sizes=\"(max-width: 587px) 100vw, 587px\" \/><\/a><\/h3>\n","protected":false},"excerpt":{"rendered":"<p>&nbsp; Test de fonctionnement final des v\u00e9hicules R\u00e9ponses au Cahier des charges Bilan du projet &nbsp; Objectifs de cette \u00e9tape\u00a0: V\u00e9rifier le bon fonctionnement du v\u00e9hicule pour l\u2019\u00e9preuve, Tester\u00a0 les performances de la voiture en condition de course, Finaliser le dossier technique et le poster pour la pr\u00e9sentation au Jury ou finaliser le cahier d\u2019exp\u00e9rimentation [&#8230;]<\/p>\n","protected":false},"author":1,"featured_media":0,"parent":146,"menu_order":4,"comment_status":"open","ping_status":"closed","template":"template-blog.php","meta":[],"_links":{"self":[{"href":"http:\/\/www.planete-sciences.org\/blogs\/defissolaires\/2017_ly_saintjoseph\/wp-json\/wp\/v2\/pages\/15"}],"collection":[{"href":"http:\/\/www.planete-sciences.org\/blogs\/defissolaires\/2017_ly_saintjoseph\/wp-json\/wp\/v2\/pages"}],"about":[{"href":"http:\/\/www.planete-sciences.org\/blogs\/defissolaires\/2017_ly_saintjoseph\/wp-json\/wp\/v2\/types\/page"}],"author":[{"embeddable":true,"href":"http:\/\/www.planete-sciences.org\/blogs\/defissolaires\/2017_ly_saintjoseph\/wp-json\/wp\/v2\/users\/1"}],"replies":[{"embeddable":true,"href":"http:\/\/www.planete-sciences.org\/blogs\/defissolaires\/2017_ly_saintjoseph\/wp-json\/wp\/v2\/comments?post=15"}],"version-history":[{"count":37,"href":"http:\/\/www.planete-sciences.org\/blogs\/defissolaires\/2017_ly_saintjoseph\/wp-json\/wp\/v2\/pages\/15\/revisions"}],"predecessor-version":[{"id":456,"href":"http:\/\/www.planete-sciences.org\/blogs\/defissolaires\/2017_ly_saintjoseph\/wp-json\/wp\/v2\/pages\/15\/revisions\/456"}],"up":[{"embeddable":true,"href":"http:\/\/www.planete-sciences.org\/blogs\/defissolaires\/2017_ly_saintjoseph\/wp-json\/wp\/v2\/pages\/146"}],"wp:attachment":[{"href":"http:\/\/www.planete-sciences.org\/blogs\/defissolaires\/2017_ly_saintjoseph\/wp-json\/wp\/v2\/media?parent=15"}],"curies":[{"name":"wp","href":"https:\/\/api.w.org\/{rel}","templated":true}]}}