{"id":146,"date":"2012-10-01T15:27:12","date_gmt":"2012-10-01T13:27:12","guid":{"rendered":"http:\/\/www.planete-sciences.org\/blogs\/defissolaires\/dstemplate-everest\/?page_id=146"},"modified":"2017-03-06T11:47:06","modified_gmt":"2017-03-06T10:47:06","slug":"actualites","status":"publish","type":"page","link":"http:\/\/www.planete-sciences.org\/blogs\/defissolaires\/2017_ly_saintjoseph\/groupe-2\/actualites\/","title":{"rendered":"Actualit\u00e9s"},"content":{"rendered":"<p>Nous sommes l&rsquo;\u00e9quipe PARROT McQUEEN du lyc\u00e9\u00e9 Saint-Joseph afin de repr\u00e9senter notre h\u00e9ros Flash McQUEEN !!!!!<a href=\"http:\/\/www.planete-sciences.org\/blogs\/defissolaires\/2017_ly_saintjoseph\/files\/2012\/10\/flasshMc.jpg\"><img loading=\"lazy\" class=\"alignnone  wp-image-334\" src=\"http:\/\/www.planete-sciences.org\/blogs\/defissolaires\/2017_ly_saintjoseph\/files\/2012\/10\/flasshMc.jpg\" alt=\"flasshMc\" width=\"441\" height=\"337\" srcset=\"http:\/\/www.planete-sciences.org\/blogs\/defissolaires\/2017_ly_saintjoseph\/files\/2012\/10\/flasshMc.jpg 785w, http:\/\/www.planete-sciences.org\/blogs\/defissolaires\/2017_ly_saintjoseph\/files\/2012\/10\/flasshMc-300x229.jpg 300w, http:\/\/www.planete-sciences.org\/blogs\/defissolaires\/2017_ly_saintjoseph\/files\/2012\/10\/flasshMc-768x587.jpg 768w\" sizes=\"(max-width: 441px) 100vw, 441px\" \/><\/a><\/p>\n","protected":false},"excerpt":{"rendered":"<p>Nous sommes l&rsquo;\u00e9quipe PARROT McQUEEN du lyc\u00e9\u00e9 Saint-Joseph afin de repr\u00e9senter notre h\u00e9ros Flash McQUEEN !!!!!<\/p>\n","protected":false},"author":88,"featured_media":0,"parent":347,"menu_order":0,"comment_status":"open","ping_status":"open","template":"template-blog.php","meta":[],"_links":{"self":[{"href":"http:\/\/www.planete-sciences.org\/blogs\/defissolaires\/2017_ly_saintjoseph\/wp-json\/wp\/v2\/pages\/146"}],"collection":[{"href":"http:\/\/www.planete-sciences.org\/blogs\/defissolaires\/2017_ly_saintjoseph\/wp-json\/wp\/v2\/pages"}],"about":[{"href":"http:\/\/www.planete-sciences.org\/blogs\/defissolaires\/2017_ly_saintjoseph\/wp-json\/wp\/v2\/types\/page"}],"author":[{"embeddable":true,"href":"http:\/\/www.planete-sciences.org\/blogs\/defissolaires\/2017_ly_saintjoseph\/wp-json\/wp\/v2\/users\/88"}],"replies":[{"embeddable":true,"href":"http:\/\/www.planete-sciences.org\/blogs\/defissolaires\/2017_ly_saintjoseph\/wp-json\/wp\/v2\/comments?post=146"}],"version-history":[{"count":4,"href":"http:\/\/www.planete-sciences.org\/blogs\/defissolaires\/2017_ly_saintjoseph\/wp-json\/wp\/v2\/pages\/146\/revisions"}],"predecessor-version":[{"id":335,"href":"http:\/\/www.planete-sciences.org\/blogs\/defissolaires\/2017_ly_saintjoseph\/wp-json\/wp\/v2\/pages\/146\/revisions\/335"}],"up":[{"embeddable":true,"href":"http:\/\/www.planete-sciences.org\/blogs\/defissolaires\/2017_ly_saintjoseph\/wp-json\/wp\/v2\/pages\/347"}],"wp:attachment":[{"href":"http:\/\/www.planete-sciences.org\/blogs\/defissolaires\/2017_ly_saintjoseph\/wp-json\/wp\/v2\/media?parent=146"}],"curies":[{"name":"wp","href":"https:\/\/api.w.org\/{rel}","templated":true}]}}