{"id":6,"date":"2012-09-22T19:11:38","date_gmt":"2012-09-22T17:11:38","guid":{"rendered":"http:\/\/www.planete-sciences.org\/blogs\/defissolaires\/dstemplate\/page-d-exemple-2\/"},"modified":"2012-11-30T21:00:47","modified_gmt":"2012-11-30T20:00:47","slug":"etape2","status":"publish","type":"page","link":"http:\/\/www.planete-sciences.org\/blogs\/defissolaires\/2016_co_fabre1\/etape2\/","title":{"rendered":"Etape 2"},"content":{"rendered":"<h2 style=\"text-align: center;\"><span style=\"color: #ff0000;\"><a href=\"http:\/\/www.planete-sciences.org\/blogs\/defissolaires\/dstemplate-everest\/files\/2011\/09\/en-construction.gif\"><img loading=\"lazy\" class=\"size-full wp-image-164 alignnone\" title=\"en-construction\" src=\"http:\/\/www.planete-sciences.org\/blogs\/defissolaires\/dstemplate-everest\/files\/2011\/09\/en-construction.gif\" alt=\"\" width=\"339\" height=\"258\" srcset=\"http:\/\/www.planete-sciences.org\/blogs\/defissolaires\/2016_co_fabre1\/files\/2011\/09\/en-construction.gif 339w, http:\/\/www.planete-sciences.org\/blogs\/defissolaires\/2016_co_fabre1\/files\/2011\/09\/en-construction-300x228.gif 300w\" sizes=\"(max-width: 339px) 100vw, 339px\" \/><\/a><\/span><\/h2>\n<div class=\"alert info\">Eliminer l&rsquo;image en construction une fois cette \u00e9tape compl\u00e9t\u00e9e pour pouvoir passer \u00e0 l&rsquo;\u00e9tape suivante.<\/div>\n<h1 style=\"text-align: center;\"><a title=\"Permanent Link to Etape 2 \u2013 D\u00e9finition et validation du protocole de conception du v\u00e9hicule\" href=\"http:\/\/www.planete-sciences.org\/blogs\/defissolaires\/dstemplate\/etape2\/\" rel=\"bookmark\">D\u00e9finition et validation du protocole <\/a><\/h1>\n<h1 style=\"text-align: center;\"><a title=\"Permanent Link to Etape 2 \u2013 D\u00e9finition et validation du protocole de conception du v\u00e9hicule\" href=\"http:\/\/www.planete-sciences.org\/blogs\/defissolaires\/dstemplate\/etape2\/\" rel=\"bookmark\">de conception du v\u00e9hicule<\/a><\/h1>\n<p>&nbsp;<\/p>\n<h2>Objectifs de cette \u00e9tape\u00a0:<\/h2>\n<blockquote>\n<ul>\n<li><span style=\"color: #ff6600;\"><strong>Pr\u00e9sentation du planning de r\u00e9alisation du v\u00e9hicule,<\/strong><\/span><\/li>\n<li><span style=\"color: #ff6600;\"><strong>Pr\u00e9sentation du prototype et des diff\u00e9rents plans d\u2019ensemble, m\u00e9canique, \u00e9lectrique,<\/strong><\/span><\/li>\n<li><span style=\"color: #ff6600;\"><strong>Pr\u00e9sentation des \u00e9quipes de travail et des r\u00f4les de chacun .<\/strong><\/span><\/li>\n<\/ul>\n<\/blockquote>\n<h3>\u00a0<strong>1. <\/strong><strong>Objectifs atteints<\/strong><\/h3>\n<p><strong><\/strong>A REMPLIR<\/p>\n<p>&nbsp;<\/p>\n<h3><strong>2. Illustrations<\/strong><\/h3>\n<p><strong><\/strong>A REMPLIR<\/p>\n<p>&nbsp;<\/p>\n<h3><strong>3. D\u00e9roulement<\/strong> (Exp\u00e9riences, sortie, rencontres, recherches, etc.)<\/h3>\n<p>A REMPLIR<br \/>\n<strong>\u00a0<\/strong><\/p>\n<h3><strong>4. Appr\u00e9ciation du groupe<\/strong><\/h3>\n<p>A REMPLIR<\/p>\n<p>&nbsp;<\/p>\n<h3><strong>5. Autres commentaires <\/strong>(questions aux suiveurs, perspectives)<\/h3>\n<p>A REMPLIR<\/p>\n","protected":false},"excerpt":{"rendered":"<p>D\u00e9finition et validation du protocole de conception du v\u00e9hicule &nbsp; Objectifs de cette \u00e9tape\u00a0: Pr\u00e9sentation du planning de r\u00e9alisation du v\u00e9hicule, Pr\u00e9sentation du prototype et des diff\u00e9rents plans d\u2019ensemble, m\u00e9canique, \u00e9lectrique, Pr\u00e9sentation des \u00e9quipes de travail et des r\u00f4les de chacun . \u00a01. Objectifs atteints A REMPLIR &nbsp; 2. Illustrations A REMPLIR &nbsp; 3. D\u00e9roulement [&#8230;]<\/p>\n","protected":false},"author":1,"featured_media":0,"parent":0,"menu_order":2,"comment_status":"open","ping_status":"closed","template":"","meta":[],"_links":{"self":[{"href":"http:\/\/www.planete-sciences.org\/blogs\/defissolaires\/2016_co_fabre1\/wp-json\/wp\/v2\/pages\/6"}],"collection":[{"href":"http:\/\/www.planete-sciences.org\/blogs\/defissolaires\/2016_co_fabre1\/wp-json\/wp\/v2\/pages"}],"about":[{"href":"http:\/\/www.planete-sciences.org\/blogs\/defissolaires\/2016_co_fabre1\/wp-json\/wp\/v2\/types\/page"}],"author":[{"embeddable":true,"href":"http:\/\/www.planete-sciences.org\/blogs\/defissolaires\/2016_co_fabre1\/wp-json\/wp\/v2\/users\/1"}],"replies":[{"embeddable":true,"href":"http:\/\/www.planete-sciences.org\/blogs\/defissolaires\/2016_co_fabre1\/wp-json\/wp\/v2\/comments?post=6"}],"version-history":[{"count":26,"href":"http:\/\/www.planete-sciences.org\/blogs\/defissolaires\/2016_co_fabre1\/wp-json\/wp\/v2\/pages\/6\/revisions"}],"predecessor-version":[{"id":11,"href":"http:\/\/www.planete-sciences.org\/blogs\/defissolaires\/2016_co_fabre1\/wp-json\/wp\/v2\/pages\/6\/revisions\/11"}],"wp:attachment":[{"href":"http:\/\/www.planete-sciences.org\/blogs\/defissolaires\/2016_co_fabre1\/wp-json\/wp\/v2\/media?parent=6"}],"curies":[{"name":"wp","href":"https:\/\/api.w.org\/{rel}","templated":true}]}}