{"id":2,"date":"2012-09-22T18:51:21","date_gmt":"2012-09-22T16:51:21","guid":{"rendered":"http:\/\/www.planete-sciences.org\/blogs\/defissolaires\/dstemplate\/?page_id=2"},"modified":"2012-11-30T21:01:35","modified_gmt":"2012-11-30T20:01:35","slug":"etape1","status":"publish","type":"page","link":"http:\/\/www.planete-sciences.org\/blogs\/defissolaires\/2016_co_fabre1\/etape1\/","title":{"rendered":"Etape 1"},"content":{"rendered":"<h2 style=\"text-align: center;\"><a href=\"http:\/\/www.planete-sciences.org\/blogs\/defissolaires\/dstemplate-everest\/files\/2011\/09\/en-construction.gif\"><img loading=\"lazy\" class=\"aligncenter  wp-image-164\" title=\"en-construction\" src=\"http:\/\/www.planete-sciences.org\/blogs\/defissolaires\/dstemplate-everest\/files\/2011\/09\/en-construction.gif\" alt=\"\" width=\"339\" height=\"258\" srcset=\"http:\/\/www.planete-sciences.org\/blogs\/defissolaires\/2016_co_fabre1\/files\/2011\/09\/en-construction.gif 339w, http:\/\/www.planete-sciences.org\/blogs\/defissolaires\/2016_co_fabre1\/files\/2011\/09\/en-construction-300x228.gif 300w\" sizes=\"(max-width: 339px) 100vw, 339px\" \/><\/a><\/h2>\n<div class=\"alert info\">Eliminer l&rsquo;image en construction une fois cette \u00e9tape compl\u00e9t\u00e9e pour pouvoir passer \u00e0 l&rsquo;\u00e9tape suivante.<\/div>\n<h1 style=\"text-align: center;\"><a title=\"Permanent Link to Etape 1 \u2013 Pr\u00e9sentation du Cahier des charges \/ Lancement du projet\" href=\"http:\/\/www.planete-sciences.org\/blogs\/defissolaires\/dstemplate\/etape1\/\" rel=\"bookmark\">Pr\u00e9sentation du Cahier des charges<\/a><\/h1>\n<h1 style=\"text-align: center;\"><a title=\"Permanent Link to Etape 1 \u2013 Pr\u00e9sentation du Cahier des charges \/ Lancement du projet\" href=\"http:\/\/www.planete-sciences.org\/blogs\/defissolaires\/dstemplate\/etape1\/\" rel=\"bookmark\"> Lancement du projet<\/a><\/h1>\n<p>&nbsp;<\/p>\n<h2>Objectifs de cette \u00e9tape\u00a0:<\/h2>\n<blockquote>\n<ul>\n<li><strong><span style=\"color: #ff6600;\">Identifier les repr\u00e9sentations des \u00e9l\u00e8ves sur les \u00e9nergies renouvelables en particulier l<strong>\u2019<\/strong>\u00e9nergie solaire et photovolta\u00efque ;<\/span><\/strong><\/li>\n<li><strong><span style=\"color: #ff6600;\">Poser la\/les questions essentielles de l\u2019op\u00e9ration\u00a0;<\/span><\/strong><\/li>\n<li><strong><span style=\"color: #ff6600;\">Lancer la r\u00e9flexion aupr\u00e8s des \u00e9l\u00e8ves sur les diff\u00e9rentes pistes de constructions du v\u00e9hicule apr\u00e8s lecture du cahier des charges.<\/span><\/strong><\/li>\n<\/ul>\n<\/blockquote>\n<h3><strong>1. <\/strong><strong>Objectifs atteints<\/strong><\/h3>\n<p><strong><\/strong>A REMPLIR<\/p>\n<p>&nbsp;<\/p>\n<h3><strong>2. Illustrations<\/strong><\/h3>\n<p><strong><\/strong>A REMPLIR<\/p>\n<p>&nbsp;<\/p>\n<h3><strong>3. D\u00e9roulement<\/strong> (Exp\u00e9riences, sortie, rencontres, recherches, etc.)<\/h3>\n<p>A REMPLIR<\/p>\n<p>&nbsp;<\/p>\n<h3><strong><\/strong><strong>4. Appr\u00e9ciation du groupe<\/strong><\/h3>\n<p>A REMPLIR<\/p>\n<p>&nbsp;<\/p>\n<h3><strong>5. Autres commentaires <\/strong>(questions aux suiveurs, perspectives)<\/h3>\n<p>A REMPLIR<\/p>\n","protected":false},"excerpt":{"rendered":"<p>Pr\u00e9sentation du Cahier des charges Lancement du projet &nbsp; Objectifs de cette \u00e9tape\u00a0: Identifier les repr\u00e9sentations des \u00e9l\u00e8ves sur les \u00e9nergies renouvelables en particulier l\u2019\u00e9nergie solaire et photovolta\u00efque ; Poser la\/les questions essentielles de l\u2019op\u00e9ration\u00a0; Lancer la r\u00e9flexion aupr\u00e8s des \u00e9l\u00e8ves sur les diff\u00e9rentes pistes de constructions du v\u00e9hicule apr\u00e8s lecture du cahier des charges. [&#8230;]<\/p>\n","protected":false},"author":1,"featured_media":0,"parent":0,"menu_order":1,"comment_status":"open","ping_status":"closed","template":"","meta":[],"_links":{"self":[{"href":"http:\/\/www.planete-sciences.org\/blogs\/defissolaires\/2016_co_fabre1\/wp-json\/wp\/v2\/pages\/2"}],"collection":[{"href":"http:\/\/www.planete-sciences.org\/blogs\/defissolaires\/2016_co_fabre1\/wp-json\/wp\/v2\/pages"}],"about":[{"href":"http:\/\/www.planete-sciences.org\/blogs\/defissolaires\/2016_co_fabre1\/wp-json\/wp\/v2\/types\/page"}],"author":[{"embeddable":true,"href":"http:\/\/www.planete-sciences.org\/blogs\/defissolaires\/2016_co_fabre1\/wp-json\/wp\/v2\/users\/1"}],"replies":[{"embeddable":true,"href":"http:\/\/www.planete-sciences.org\/blogs\/defissolaires\/2016_co_fabre1\/wp-json\/wp\/v2\/comments?post=2"}],"version-history":[{"count":42,"href":"http:\/\/www.planete-sciences.org\/blogs\/defissolaires\/2016_co_fabre1\/wp-json\/wp\/v2\/pages\/2\/revisions"}],"predecessor-version":[{"id":4,"href":"http:\/\/www.planete-sciences.org\/blogs\/defissolaires\/2016_co_fabre1\/wp-json\/wp\/v2\/pages\/2\/revisions\/4"}],"wp:attachment":[{"href":"http:\/\/www.planete-sciences.org\/blogs\/defissolaires\/2016_co_fabre1\/wp-json\/wp\/v2\/media?parent=2"}],"curies":[{"name":"wp","href":"https:\/\/api.w.org\/{rel}","templated":true}]}}