{"id":191,"date":"2012-10-05T14:47:26","date_gmt":"2012-10-05T12:47:26","guid":{"rendered":"http:\/\/www.planete-sciences.org\/blogs\/defissolaires\/dstemplate-everest\/?page_id=191"},"modified":"2012-10-09T23:29:51","modified_gmt":"2012-10-09T21:29:51","slug":"pratique-2","status":"publish","type":"page","link":"http:\/\/www.planete-sciences.org\/blogs\/defissolaires\/2016_co_fabre1\/pratique-2\/","title":{"rendered":"Pratique"},"content":{"rendered":"<p>&nbsp;<\/p>\n<p><strong><div class=\"one-half column\"><\/strong><\/p>\n<h1>Contact<\/h1>\n<h2><span style=\"color: #7cb5bc;\"><strong>Plan\u00e8te Sciences Midi-Pyr\u00e9n\u00e9es<\/strong><\/span><\/h2>\n<blockquote><p>Parc Technologique du Canal<br \/>\nB\u00e2timent Marine<br \/>\n14 Rue Herm\u00e8s<br \/>\n31 520 Ramonville Saint-Agne<\/p>\n<p>Email : <a href=\"mailto:midi-pyrenees@planete-sciences.org\">midi-pyrenees@planete-sciences.org<\/a><br \/>\nT\u00e9l : 05 61 73 10 22<br \/>\nFax : 05 61 73 42 79<\/p><\/blockquote>\n<p><\/div><div class=\"one-half column column-last\"><iframe loading=\"lazy\" src=\"https:\/\/maps.google.fr\/maps?f=q&amp;source=s_q&amp;hl=fr&amp;geocode=&amp;q=Plan%C3%A8te+Sciences+Midi-Pyr%C3%A9n%C3%A9es,+Ramonville-Saint-Agne&amp;aq=0&amp;oq=Plan%C3%A8te+sciences+Ramonville+Saint-Agne&amp;sll=43.809086,1.562298&amp;sspn=4.146032,10.821533&amp;ie=UTF8&amp;hq=Plan%C3%A8te+Sciences+Midi-Pyr%C3%A9n%C3%A9es,&amp;hnear=Ramonville-Saint-Agne,+Haute-Garonne,+Midi-Pyr%C3%A9n%C3%A9es&amp;ll=43.549349,1.485579&amp;spn=0.016267,0.042272&amp;t=m&amp;z=14&amp;iwloc=A&amp;cid=4570494693179672921&amp;output=embed\" frameborder=\"0\" marginwidth=\"0\" marginheight=\"0\" scrolling=\"no\" width=\"425\" height=\"350\"><\/iframe><br \/>\n<span style=\"text-decoration: underline; color: #3366ff;\"><span style=\"text-decoration: underline;\"><em><small><a style=\"color: #0000ff; text-align: left; text-decoration: underline;\" href=\"https:\/\/maps.google.fr\/maps?f=q&amp;source=embed&amp;hl=fr&amp;geocode=&amp;q=Plan%C3%A8te+Sciences+Midi-Pyr%C3%A9n%C3%A9es,+Ramonville-Saint-Agne&amp;aq=0&amp;oq=Plan%C3%A8te+sciences+Ramonville+Saint-Agne&amp;sll=43.809086,1.562298&amp;sspn=4.146032,10.821533&amp;ie=UTF8&amp;hq=Plan%C3%A8te+Sciences+Midi-Pyr%C3%A9n%C3%A9es,&amp;hnear=Ramonville-Saint-Agne,+Haute-Garonne,+Midi-Pyr%C3%A9n%C3%A9es&amp;ll=43.549349,1.485579&amp;spn=0.016267,0.042272&amp;t=m&amp;z=14&amp;iwloc=A&amp;cid=4570494693179672921\"><span style=\"color: #3366ff; text-decoration: underline;\">Agrandir le plan<\/span><\/a><\/small><\/em><\/span><\/span><\/div><div class=\"clear\"><\/div><\/p>\n","protected":false},"excerpt":{"rendered":"<p>&nbsp;<\/p>\n","protected":false},"author":88,"featured_media":0,"parent":0,"menu_order":0,"comment_status":"open","ping_status":"open","template":"page.php","meta":[],"_links":{"self":[{"href":"http:\/\/www.planete-sciences.org\/blogs\/defissolaires\/2016_co_fabre1\/wp-json\/wp\/v2\/pages\/191"}],"collection":[{"href":"http:\/\/www.planete-sciences.org\/blogs\/defissolaires\/2016_co_fabre1\/wp-json\/wp\/v2\/pages"}],"about":[{"href":"http:\/\/www.planete-sciences.org\/blogs\/defissolaires\/2016_co_fabre1\/wp-json\/wp\/v2\/types\/page"}],"author":[{"embeddable":true,"href":"http:\/\/www.planete-sciences.org\/blogs\/defissolaires\/2016_co_fabre1\/wp-json\/wp\/v2\/users\/88"}],"replies":[{"embeddable":true,"href":"http:\/\/www.planete-sciences.org\/blogs\/defissolaires\/2016_co_fabre1\/wp-json\/wp\/v2\/comments?post=191"}],"version-history":[{"count":12,"href":"http:\/\/www.planete-sciences.org\/blogs\/defissolaires\/2016_co_fabre1\/wp-json\/wp\/v2\/pages\/191\/revisions"}],"predecessor-version":[{"id":219,"href":"http:\/\/www.planete-sciences.org\/blogs\/defissolaires\/2016_co_fabre1\/wp-json\/wp\/v2\/pages\/191\/revisions\/219"}],"wp:attachment":[{"href":"http:\/\/www.planete-sciences.org\/blogs\/defissolaires\/2016_co_fabre1\/wp-json\/wp\/v2\/media?parent=191"}],"curies":[{"name":"wp","href":"https:\/\/api.w.org\/{rel}","templated":true}]}}