{"id":15,"date":"2011-09-22T19:19:17","date_gmt":"2011-09-22T17:19:17","guid":{"rendered":"http:\/\/www.planete-sciences.org\/blogs\/defissolaires\/dstemplate\/etape4\/"},"modified":"2012-11-30T21:02:46","modified_gmt":"2012-11-30T20:02:46","slug":"etape4","status":"publish","type":"page","link":"http:\/\/www.planete-sciences.org\/blogs\/defissolaires\/2016_co_fabre1\/etape4\/","title":{"rendered":"Etape 4"},"content":{"rendered":"<p><a href=\"http:\/\/www.planete-sciences.org\/blogs\/defissolaires\/dstemplate-everest\/files\/2011\/09\/en-construction.gif\"><img loading=\"lazy\" class=\"aligncenter size-full wp-image-164\" title=\"en-construction\" src=\"http:\/\/www.planete-sciences.org\/blogs\/defissolaires\/dstemplate-everest\/files\/2011\/09\/en-construction.gif\" alt=\"\" width=\"339\" height=\"258\" srcset=\"http:\/\/www.planete-sciences.org\/blogs\/defissolaires\/2016_co_fabre1\/files\/2011\/09\/en-construction.gif 339w, http:\/\/www.planete-sciences.org\/blogs\/defissolaires\/2016_co_fabre1\/files\/2011\/09\/en-construction-300x228.gif 300w\" sizes=\"(max-width: 339px) 100vw, 339px\" \/><\/a><\/p>\n<div class=\"alert info\">Eliminer l&rsquo;image en construction une fois cette \u00e9tape compl\u00e9t\u00e9e pour pouvoir passer \u00e0 l&rsquo;\u00e9tape suivante.<\/div>\n<h1 style=\"text-align: center;\"><\/h1>\n<h1 style=\"text-align: center;\"><\/h1>\n<h1 style=\"text-align: center;\"><a title=\"Permanent Link to Etape 4 \u2013 Test de fonctionnement final des v\u00e9hicules \/ R\u00e9ponses au Cahier des charges \/ Bilan du projet\" href=\"http:\/\/www.planete-sciences.org\/blogs\/defissolaires\/dstemplate\/etape4\/\" rel=\"bookmark\">Test de fonctionnement final des v\u00e9hicules<\/a><\/h1>\n<h1 style=\"text-align: center;\"><a title=\"Permanent Link to Etape 4 \u2013 Test de fonctionnement final des v\u00e9hicules \/ R\u00e9ponses au Cahier des charges \/ Bilan du projet\" href=\"http:\/\/www.planete-sciences.org\/blogs\/defissolaires\/dstemplate\/etape4\/\" rel=\"bookmark\">R\u00e9ponses au Cahier des charges<\/a><\/h1>\n<h1 style=\"text-align: center;\"><a title=\"Permanent Link to Etape 4 \u2013 Test de fonctionnement final des v\u00e9hicules \/ R\u00e9ponses au Cahier des charges \/ Bilan du projet\" href=\"http:\/\/www.planete-sciences.org\/blogs\/defissolaires\/dstemplate\/etape4\/\" rel=\"bookmark\">Bilan du projet<\/a><\/h1>\n<p>&nbsp;<\/p>\n<h2>Objectifs de cette \u00e9tape\u00a0:<\/h2>\n<blockquote>\n<ul>\n<li><span style=\"color: #ff6600;\"><strong>V\u00e9rifier le bon fonctionnement du v\u00e9hicule pour l\u2019\u00e9preuve,<\/strong><\/span><\/li>\n<li><span style=\"color: #ff6600;\"><strong>Tester\u00a0 les performances de la voiture en condition de course,<\/strong><\/span><\/li>\n<li><span style=\"color: #ff6600;\"><strong>Finaliser le dossier technique et le poster pour la pr\u00e9sentation au Jury ou finaliser le cahier d\u2019exp\u00e9rimentation (ou tout autre support du m\u00eame genre) pour la pr\u00e9sentation au jury.<\/strong><\/span><\/li>\n<li><span style=\"color: #ff6600;\"><strong>R\u00e9daction de la synth\u00e8se (ou conclusion) r\u00e9pondant \u00e0 la question de d\u00e9part.<\/strong><\/span><\/li>\n<\/ul>\n<\/blockquote>\n<p>&nbsp;<\/p>\n<h3><strong>1. <\/strong><strong>Objectifs atteints<\/strong><\/h3>\n<p><strong><\/strong>A REMPLIR<\/p>\n<p>&nbsp;<\/p>\n<h3><strong>2. Illustrations<\/strong><\/h3>\n<p><strong><\/strong>A REMPLIR<\/p>\n<p>&nbsp;<\/p>\n<h3><strong>3. D\u00e9roulement<\/strong> (Exp\u00e9riences, sortie, rencontres, recherches, etc.)<\/h3>\n<p>A REMPLIR<\/p>\n<p><strong>\u00a0<\/strong><\/p>\n<h3><strong>4. Appr\u00e9ciation du groupe<\/strong><\/h3>\n<p>A REMPLIR<\/p>\n<p>&nbsp;<\/p>\n<h3><strong>5. Autres commentaires <\/strong>(questions aux suiveurs, perspectives)<\/h3>\n<p>A REMPLIR<\/p>\n","protected":false},"excerpt":{"rendered":"<p>Test de fonctionnement final des v\u00e9hicules R\u00e9ponses au Cahier des charges Bilan du projet &nbsp; Objectifs de cette \u00e9tape\u00a0: V\u00e9rifier le bon fonctionnement du v\u00e9hicule pour l\u2019\u00e9preuve, Tester\u00a0 les performances de la voiture en condition de course, Finaliser le dossier technique et le poster pour la pr\u00e9sentation au Jury ou finaliser le cahier d\u2019exp\u00e9rimentation (ou [&#8230;]<\/p>\n","protected":false},"author":1,"featured_media":0,"parent":0,"menu_order":4,"comment_status":"open","ping_status":"closed","template":"","meta":[],"_links":{"self":[{"href":"http:\/\/www.planete-sciences.org\/blogs\/defissolaires\/2016_co_fabre1\/wp-json\/wp\/v2\/pages\/15"}],"collection":[{"href":"http:\/\/www.planete-sciences.org\/blogs\/defissolaires\/2016_co_fabre1\/wp-json\/wp\/v2\/pages"}],"about":[{"href":"http:\/\/www.planete-sciences.org\/blogs\/defissolaires\/2016_co_fabre1\/wp-json\/wp\/v2\/types\/page"}],"author":[{"embeddable":true,"href":"http:\/\/www.planete-sciences.org\/blogs\/defissolaires\/2016_co_fabre1\/wp-json\/wp\/v2\/users\/1"}],"replies":[{"embeddable":true,"href":"http:\/\/www.planete-sciences.org\/blogs\/defissolaires\/2016_co_fabre1\/wp-json\/wp\/v2\/comments?post=15"}],"version-history":[{"count":29,"href":"http:\/\/www.planete-sciences.org\/blogs\/defissolaires\/2016_co_fabre1\/wp-json\/wp\/v2\/pages\/15\/revisions"}],"predecessor-version":[{"id":313,"href":"http:\/\/www.planete-sciences.org\/blogs\/defissolaires\/2016_co_fabre1\/wp-json\/wp\/v2\/pages\/15\/revisions\/313"}],"wp:attachment":[{"href":"http:\/\/www.planete-sciences.org\/blogs\/defissolaires\/2016_co_fabre1\/wp-json\/wp\/v2\/media?parent=15"}],"curies":[{"name":"wp","href":"https:\/\/api.w.org\/{rel}","templated":true}]}}