{"id":12,"date":"2011-09-22T19:16:56","date_gmt":"2011-09-22T17:16:56","guid":{"rendered":"http:\/\/www.planete-sciences.org\/blogs\/defissolaires\/dstemplate\/etape-2\/"},"modified":"2012-11-30T21:02:18","modified_gmt":"2012-11-30T20:02:18","slug":"etape3","status":"publish","type":"page","link":"http:\/\/www.planete-sciences.org\/blogs\/defissolaires\/2016_co_fabre1\/etape3\/","title":{"rendered":"Etape 3"},"content":{"rendered":"<h2 style=\"text-align: center;\"><span style=\"color: #ff0000;\"><a href=\"http:\/\/www.planete-sciences.org\/blogs\/defissolaires\/dstemplate-everest\/files\/2011\/09\/en-construction.gif\"><img loading=\"lazy\" class=\"aligncenter size-full wp-image-164\" title=\"en-construction\" src=\"http:\/\/www.planete-sciences.org\/blogs\/defissolaires\/dstemplate-everest\/files\/2011\/09\/en-construction.gif\" alt=\"\" width=\"339\" height=\"258\" srcset=\"http:\/\/www.planete-sciences.org\/blogs\/defissolaires\/2016_co_fabre1\/files\/2011\/09\/en-construction.gif 339w, http:\/\/www.planete-sciences.org\/blogs\/defissolaires\/2016_co_fabre1\/files\/2011\/09\/en-construction-300x228.gif 300w\" sizes=\"(max-width: 339px) 100vw, 339px\" \/><\/a><\/span><\/h2>\n<p style=\"text-align: left;\"><div class=\"alert info\">Eliminer l&rsquo;image en construction une fois cette \u00e9tape compl\u00e9t\u00e9e pour pouvoir passer \u00e0 l&rsquo;\u00e9tape suivante.<\/div><\/p>\n<h1 style=\"text-align: center;\"><a title=\"Permanent Link to Etape 2 \u2013 D\u00e9finition et validation du protocole de conception du v\u00e9hicule\" href=\"http:\/\/www.planete-sciences.org\/blogs\/defissolaires\/dstemplate\/etape2\/\" rel=\"bookmark\">D\u00e9finition et validation du protocole<\/a><\/h1>\n<h1 style=\"text-align: center;\"><a title=\"Permanent Link to Etape 2 \u2013 D\u00e9finition et validation du protocole de conception du v\u00e9hicule\" href=\"http:\/\/www.planete-sciences.org\/blogs\/defissolaires\/dstemplate\/etape2\/\" rel=\"bookmark\">de conception du v\u00e9hicule<\/a><\/h1>\n<p>&nbsp;<\/p>\n<h2>Objectifs de cette \u00e9tape\u00a0:<\/h2>\n<blockquote>\n<ul>\n<li><span style=\"color: #ff6600;\"><strong>R\u00e9aliser les diff\u00e9rentes parties du v\u00e9hicule,<\/strong><\/span><\/li>\n<li><span style=\"color: #ff6600;\"><strong>Enregistrer les difficult\u00e9s et r\u00e9ponses apport\u00e9es tout au long du projet.<\/strong><\/span><\/li>\n<\/ul>\n<\/blockquote>\n<p>&nbsp;<\/p>\n<h3><strong>1. <\/strong><strong>Objectifs atteints<\/strong><\/h3>\n<p><strong><\/strong>A REMPLIR<\/p>\n<p>&nbsp;<\/p>\n<h3><strong>2. Illustrations<\/strong><\/h3>\n<p><strong><\/strong>A REMPLIR<\/p>\n<p>&nbsp;<\/p>\n<h3><strong>3. D\u00e9roulement<\/strong> (Exp\u00e9riences, sortie, rencontres, recherches, etc.)<\/h3>\n<p>A REMPLIR<\/p>\n<p><strong>\u00a0<\/strong><\/p>\n<h3><strong>4. Appr\u00e9ciation du groupe<\/strong><\/h3>\n<p>A REMPLIR<\/p>\n<p>&nbsp;<\/p>\n<h3><strong>5. Autres commentaires <\/strong>(questions aux suiveurs, perspectives)<\/h3>\n<p>A REMPLIR<\/p>\n","protected":false},"excerpt":{"rendered":"<p>D\u00e9finition et validation du protocole de conception du v\u00e9hicule &nbsp; Objectifs de cette \u00e9tape\u00a0: R\u00e9aliser les diff\u00e9rentes parties du v\u00e9hicule, Enregistrer les difficult\u00e9s et r\u00e9ponses apport\u00e9es tout au long du projet. &nbsp; 1. Objectifs atteints A REMPLIR &nbsp; 2. Illustrations A REMPLIR &nbsp; 3. D\u00e9roulement (Exp\u00e9riences, sortie, rencontres, recherches, etc.) A REMPLIR \u00a0 4. Appr\u00e9ciation [&#8230;]<\/p>\n","protected":false},"author":1,"featured_media":0,"parent":0,"menu_order":3,"comment_status":"open","ping_status":"closed","template":"","meta":[],"_links":{"self":[{"href":"http:\/\/www.planete-sciences.org\/blogs\/defissolaires\/2016_co_fabre1\/wp-json\/wp\/v2\/pages\/12"}],"collection":[{"href":"http:\/\/www.planete-sciences.org\/blogs\/defissolaires\/2016_co_fabre1\/wp-json\/wp\/v2\/pages"}],"about":[{"href":"http:\/\/www.planete-sciences.org\/blogs\/defissolaires\/2016_co_fabre1\/wp-json\/wp\/v2\/types\/page"}],"author":[{"embeddable":true,"href":"http:\/\/www.planete-sciences.org\/blogs\/defissolaires\/2016_co_fabre1\/wp-json\/wp\/v2\/users\/1"}],"replies":[{"embeddable":true,"href":"http:\/\/www.planete-sciences.org\/blogs\/defissolaires\/2016_co_fabre1\/wp-json\/wp\/v2\/comments?post=12"}],"version-history":[{"count":19,"href":"http:\/\/www.planete-sciences.org\/blogs\/defissolaires\/2016_co_fabre1\/wp-json\/wp\/v2\/pages\/12\/revisions"}],"predecessor-version":[{"id":312,"href":"http:\/\/www.planete-sciences.org\/blogs\/defissolaires\/2016_co_fabre1\/wp-json\/wp\/v2\/pages\/12\/revisions\/312"}],"wp:attachment":[{"href":"http:\/\/www.planete-sciences.org\/blogs\/defissolaires\/2016_co_fabre1\/wp-json\/wp\/v2\/media?parent=12"}],"curies":[{"name":"wp","href":"https:\/\/api.w.org\/{rel}","templated":true}]}}