{"id":15,"date":"2011-09-22T19:19:17","date_gmt":"2011-09-22T17:19:17","guid":{"rendered":"http:\/\/www.planete-sciences.org\/blogs\/defissolaires\/dstemplate\/etape4\/"},"modified":"2014-05-21T11:08:38","modified_gmt":"2014-05-21T09:08:38","slug":"etape4","status":"publish","type":"page","link":"http:\/\/www.planete-sciences.org\/blogs\/defissolaires\/2014_ly_ader_cepesmobiles\/etape4\/","title":{"rendered":"Etape 4"},"content":{"rendered":"<p><a href=\"http:\/\/www.planete-sciences.org\/blogs\/defissolaires\/wp-content\/plugins\/blogs-directory\/images\/4etapesjaunes.png\"><img loading=\"lazy\" class=\"alignleft size-full wp-image-206\" title=\"4etapesjaunes\" alt=\"\" src=\"http:\/\/www.planete-sciences.org\/blogs\/defissolaires\/wp-content\/plugins\/blogs-directory\/images\/4etapesjaunes.png\" width=\"857\" height=\"72\" \/><\/a><\/p>\n<div class=\"alert info\">Eliminer l&rsquo;image en construction une fois cette \u00e9tape compl\u00e9t\u00e9e pour pouvoir passer \u00e0 l&rsquo;\u00e9tape suivante.<\/div>\n<h1 style=\"text-align: center\"><\/h1>\n<h1 style=\"text-align: center\"><\/h1>\n<h1 style=\"text-align: center\"><a title=\"Permanent Link to Etape 4 \u2013 Test de fonctionnement final des v\u00e9hicules \/ R\u00e9ponses au Cahier des charges \/ Bilan du projet\" href=\"http:\/\/www.planete-sciences.org\/blogs\/defissolaires\/dstemplate\/etape4\/\" rel=\"bookmark\">Test de fonctionnement final des v\u00e9hicules<\/a><\/h1>\n<p>&nbsp;<\/p>\n<h2>Objectifs de cette \u00e9tape\u00a0:<\/h2>\n<blockquote>\n<ul>\n<li><span style=\"color: #ff6600\"><strong>V\u00e9rifier le bon fonctionnement du v\u00e9hicule pour l\u2019\u00e9preuve,<\/strong><\/span><\/li>\n<li><span style=\"color: #ff6600\"><strong>Tester\u00a0 les performances de la voiture en condition de course,<\/strong><\/span><\/li>\n<\/ul>\n<\/blockquote>\n<p>&nbsp;<\/p>\n<h3><strong>1. <\/strong><strong>Objectifs atteints<\/strong><\/h3>\n<p><strong>Elle avait du mal \u00e0 rouler sans batterie!!!!<\/strong><\/p>\n<p>Nous avons modifi\u00e9 l&rsquo;arri\u00e8re du chassis et chang\u00e9 le moteur: moteur brushless contre deux moteurs \u00e0 courant continu.<\/p>\n<p>Et voila, ca roule parfaitement avec ses 1,6Kg.<\/p>\n<p>&nbsp;<\/p>\n<h3><a href=\"http:\/\/www.planete-sciences.org\/blogs\/defissolaires\/2014_ly_ader_cepesmobiles\/wp-content\/blogs.dir\/345\/files\/2011\/09\/IMG_0122.jpg\"><img loading=\"lazy\" class=\"alignleft size-medium wp-image-343\" alt=\"IMG_0122\" src=\"http:\/\/www.planete-sciences.org\/blogs\/defissolaires\/2014_ly_ader_cepesmobiles\/wp-content\/blogs.dir\/345\/files\/2011\/09\/IMG_0122-224x300.jpg\" width=\"224\" height=\"300\" srcset=\"http:\/\/www.planete-sciences.org\/blogs\/defissolaires\/2014_ly_ader_cepesmobiles\/files\/2011\/09\/IMG_0122-224x300.jpg 224w, http:\/\/www.planete-sciences.org\/blogs\/defissolaires\/2014_ly_ader_cepesmobiles\/files\/2011\/09\/IMG_0122-764x1024.jpg 764w, http:\/\/www.planete-sciences.org\/blogs\/defissolaires\/2014_ly_ader_cepesmobiles\/files\/2011\/09\/IMG_0122.jpg 1936w\" sizes=\"(max-width: 224px) 100vw, 224px\" \/><\/a><\/h3>\n<p>&nbsp;<\/p>\n<p>&nbsp;<\/p>\n<h3><\/h3>\n<h3><\/h3>\n<h3><\/h3>\n<h3><\/h3>\n<p>&nbsp;<\/p>\n<p>&nbsp;<\/p>\n<p><a href=\"http:\/\/www.planete-sciences.org\/blogs\/defissolaires\/2014_ly_ader_cepesmobiles\/wp-content\/blogs.dir\/345\/files\/2011\/09\/IMG_01391-e1400663112344.jpg\"><img loading=\"lazy\" class=\"alignleft size-medium wp-image-348\" alt=\"IMG_0139[1]\" src=\"http:\/\/www.planete-sciences.org\/blogs\/defissolaires\/2014_ly_ader_cepesmobiles\/wp-content\/blogs.dir\/345\/files\/2011\/09\/IMG_01391-e1400663112344-224x300.jpg\" width=\"224\" height=\"300\" srcset=\"http:\/\/www.planete-sciences.org\/blogs\/defissolaires\/2014_ly_ader_cepesmobiles\/files\/2011\/09\/IMG_01391-e1400663112344-224x300.jpg 224w, http:\/\/www.planete-sciences.org\/blogs\/defissolaires\/2014_ly_ader_cepesmobiles\/files\/2011\/09\/IMG_01391-e1400663112344-764x1024.jpg 764w, http:\/\/www.planete-sciences.org\/blogs\/defissolaires\/2014_ly_ader_cepesmobiles\/files\/2011\/09\/IMG_01391-e1400663112344.jpg 1936w\" sizes=\"(max-width: 224px) 100vw, 224px\" \/><\/a><\/p>\n<h3><\/h3>\n<p>&nbsp;<\/p>\n<p>&nbsp;<\/p>\n<p>&nbsp;<\/p>\n<p>&nbsp;<\/p>\n<p>&nbsp;<\/p>\n<p>&nbsp;<\/p>\n<p>&nbsp;<\/p>\n<h3><strong>2. Illustrations<\/strong><\/h3>\n<p><strong><\/strong>Nous avons pu tester ses capacit\u00e9s \u00e0 travers un parcours que nous avons confectionn\u00e9s.<\/p>\n<p>&nbsp;<\/p>\n","protected":false},"excerpt":{"rendered":"<p>Test de fonctionnement final des v\u00e9hicules &nbsp; Objectifs de cette \u00e9tape\u00a0: V\u00e9rifier le bon fonctionnement du v\u00e9hicule pour l\u2019\u00e9preuve, Tester\u00a0 les performances de la voiture en condition de course, &nbsp; 1. Objectifs atteints Elle avait du mal \u00e0 rouler sans batterie!!!! Nous avons modifi\u00e9 l&rsquo;arri\u00e8re du chassis et chang\u00e9 le moteur: moteur brushless contre deux [&#8230;]<\/p>\n","protected":false},"author":1,"featured_media":0,"parent":0,"menu_order":4,"comment_status":"open","ping_status":"closed","template":"","meta":[],"_links":{"self":[{"href":"http:\/\/www.planete-sciences.org\/blogs\/defissolaires\/2014_ly_ader_cepesmobiles\/wp-json\/wp\/v2\/pages\/15"}],"collection":[{"href":"http:\/\/www.planete-sciences.org\/blogs\/defissolaires\/2014_ly_ader_cepesmobiles\/wp-json\/wp\/v2\/pages"}],"about":[{"href":"http:\/\/www.planete-sciences.org\/blogs\/defissolaires\/2014_ly_ader_cepesmobiles\/wp-json\/wp\/v2\/types\/page"}],"author":[{"embeddable":true,"href":"http:\/\/www.planete-sciences.org\/blogs\/defissolaires\/2014_ly_ader_cepesmobiles\/wp-json\/wp\/v2\/users\/1"}],"replies":[{"embeddable":true,"href":"http:\/\/www.planete-sciences.org\/blogs\/defissolaires\/2014_ly_ader_cepesmobiles\/wp-json\/wp\/v2\/comments?post=15"}],"version-history":[{"count":32,"href":"http:\/\/www.planete-sciences.org\/blogs\/defissolaires\/2014_ly_ader_cepesmobiles\/wp-json\/wp\/v2\/pages\/15\/revisions"}],"predecessor-version":[{"id":349,"href":"http:\/\/www.planete-sciences.org\/blogs\/defissolaires\/2014_ly_ader_cepesmobiles\/wp-json\/wp\/v2\/pages\/15\/revisions\/349"}],"wp:attachment":[{"href":"http:\/\/www.planete-sciences.org\/blogs\/defissolaires\/2014_ly_ader_cepesmobiles\/wp-json\/wp\/v2\/media?parent=15"}],"curies":[{"name":"wp","href":"https:\/\/api.w.org\/{rel}","templated":true}]}}