{"id":146,"date":"2012-10-01T15:27:12","date_gmt":"2012-10-01T13:27:12","guid":{"rendered":"http:\/\/www.planete-sciences.org\/blogs\/defissolaires\/dstemplate-everest\/?page_id=146"},"modified":"2014-02-13T18:01:33","modified_gmt":"2014-02-13T17:01:33","slug":"actualites","status":"publish","type":"page","link":"http:\/\/www.planete-sciences.org\/blogs\/defissolaires\/2014_ly_ader_cepesmobiles\/actualites\/","title":{"rendered":"Actualit\u00e9s"},"content":{"rendered":"<p>Conception et Fabrication de la voiture par les \u00e9l\u00e8ves de seconde bac pro Technicien d&rsquo;Usinage.<\/p>\n<p style=\"text-align: left\"><a href=\"http:\/\/www.planete-sciences.org\/blogs\/defissolaires\/2014_ly_ader_cepesmobiles\/wp-content\/blogs.dir\/345\/files\/2012\/10\/voiture-2tu-1.jpg\"><img loading=\"lazy\" class=\"alignleft size-medium wp-image-316\" alt=\"voiture 2tu 1\" src=\"http:\/\/www.planete-sciences.org\/blogs\/defissolaires\/2014_ly_ader_cepesmobiles\/wp-content\/blogs.dir\/345\/files\/2012\/10\/voiture-2tu-1-300x300.jpg\" width=\"300\" height=\"300\" srcset=\"http:\/\/www.planete-sciences.org\/blogs\/defissolaires\/2014_ly_ader_cepesmobiles\/files\/2012\/10\/voiture-2tu-1-300x300.jpg 300w, http:\/\/www.planete-sciences.org\/blogs\/defissolaires\/2014_ly_ader_cepesmobiles\/files\/2012\/10\/voiture-2tu-1-150x150.jpg 150w, http:\/\/www.planete-sciences.org\/blogs\/defissolaires\/2014_ly_ader_cepesmobiles\/files\/2012\/10\/voiture-2tu-1.jpg 512w\" sizes=\"(max-width: 300px) 100vw, 300px\" \/><\/a><\/p>\n<p style=\"text-align: left\">\n<p style=\"text-align: left\">\n<p style=\"text-align: left\">\n<p style=\"text-align: left\">\n<p style=\"text-align: left\">\n<p style=\"text-align: left\">\n<p style=\"text-align: left\">\n<p style=\"text-align: left\">V\u00e9hicule \u00e0 4 roues, montage type monster-truck,<\/p>\n<p style=\"text-align: left\">2 moteurs \u00e0 courant continu speed400,<\/p>\n<p style=\"text-align: left\">4 amortisseurs.<\/p>\n","protected":false},"excerpt":{"rendered":"<p>Conception et Fabrication de la voiture par les \u00e9l\u00e8ves de seconde bac pro Technicien d&rsquo;Usinage. V\u00e9hicule \u00e0 4 roues, montage type monster-truck, 2 moteurs \u00e0 courant continu speed400, 4 amortisseurs.<\/p>\n","protected":false},"author":88,"featured_media":0,"parent":0,"menu_order":0,"comment_status":"open","ping_status":"open","template":"template-blog.php","meta":[],"_links":{"self":[{"href":"http:\/\/www.planete-sciences.org\/blogs\/defissolaires\/2014_ly_ader_cepesmobiles\/wp-json\/wp\/v2\/pages\/146"}],"collection":[{"href":"http:\/\/www.planete-sciences.org\/blogs\/defissolaires\/2014_ly_ader_cepesmobiles\/wp-json\/wp\/v2\/pages"}],"about":[{"href":"http:\/\/www.planete-sciences.org\/blogs\/defissolaires\/2014_ly_ader_cepesmobiles\/wp-json\/wp\/v2\/types\/page"}],"author":[{"embeddable":true,"href":"http:\/\/www.planete-sciences.org\/blogs\/defissolaires\/2014_ly_ader_cepesmobiles\/wp-json\/wp\/v2\/users\/88"}],"replies":[{"embeddable":true,"href":"http:\/\/www.planete-sciences.org\/blogs\/defissolaires\/2014_ly_ader_cepesmobiles\/wp-json\/wp\/v2\/comments?post=146"}],"version-history":[{"count":6,"href":"http:\/\/www.planete-sciences.org\/blogs\/defissolaires\/2014_ly_ader_cepesmobiles\/wp-json\/wp\/v2\/pages\/146\/revisions"}],"predecessor-version":[{"id":332,"href":"http:\/\/www.planete-sciences.org\/blogs\/defissolaires\/2014_ly_ader_cepesmobiles\/wp-json\/wp\/v2\/pages\/146\/revisions\/332"}],"wp:attachment":[{"href":"http:\/\/www.planete-sciences.org\/blogs\/defissolaires\/2014_ly_ader_cepesmobiles\/wp-json\/wp\/v2\/media?parent=146"}],"curies":[{"name":"wp","href":"https:\/\/api.w.org\/{rel}","templated":true}]}}